{"id":14,"date":"2016-06-20T20:05:25","date_gmt":"2016-06-20T20:05:25","guid":{"rendered":"http:\/\/proto.svdeckenpfronn.de\/?page_id=14"},"modified":"2021-08-23T19:45:50","modified_gmt":"2021-08-23T17:45:50","slug":"tischtennis","status":"publish","type":"page","link":"https:\/\/www.svdeckenpfronn.de\/?page_id=14","title":{"rendered":"Tischtennis"},"content":{"rendered":"<h1>Willkommen beim SV Deckenpfronn<\/h1>\n<h1>Abt. Tischtennis<\/h1>\n<p>Unsere Tischtennisabteilung hat zur Zeit ca.25 Mitglieder, leider k\u00f6nnen wir momentan nicht\u00a0 am Punktspielbetrieb teilnehmen.<\/p>\n<p>Sportlich geh\u00f6ren wir zum\u00a0<a href=\"http:\/\/www.ttbezirk-bb.de\/html\/ttbezirkbb\/\" target=\"_blank\" rel=\"noopener noreferrer\">Bezirk B\u00f6blingen<\/a>\u00a0und damit auch zum\u00a0<a href=\"http:\/\/www.ttvwh.de\/\" target=\"_blank\" rel=\"noopener noreferrer\">Tischtennisverband W\u00fcrttemberg-Hohenzollern<\/a>.<\/p>\n<p>Neben der sportlichen Bet\u00e4tigung f\u00fchren wir auch viele gemeinsame Freizeitaktivit\u00e4ten durch. Dies ist uns ein ebenso wichtiges Anliegen wie der sportliche Bereich.\u00a0Jeder der m\u00f6chte, kann bei uns Mitglied werden.<\/p>\n<p>Wir freuen uns immer \u00fcber neue Mitglieder, die Interesse haben, sich in das sportliche Vereinsgeschehen einzubringen, mit uns Veranstaltungen oder Ausfl\u00fcge zu organisieren und sich in der Gemeinschaft wohl f\u00fchlen.<\/p>\n<p>Details zu den Trainingszeiten findet ihr in der Rubrik &#8222;Trainingszeiten &#8220;<\/p>\n<p><strong>Ihre Tischtennisabteilung vom SV Deckenpfronn<\/strong><\/p>\n<hr \/>\n","protected":false},"excerpt":{"rendered":"<p>Willkommen beim SV Deckenpfronn Abt. Tischtennis Unsere Tischtennisabteilung hat zur Zeit ca.25 Mitglieder, leider k\u00f6nnen wir momentan nicht\u00a0 am Punktspielbetrieb teilnehmen. Sportlich geh\u00f6ren wir zum\u00a0Bezirk B\u00f6blingen\u00a0und damit auch zum\u00a0Tischtennisverband W\u00fcrttemberg-Hohenzollern. Neben der sportlichen Bet\u00e4tigung f\u00fchren wir auch viele gemeinsame Freizeitaktivit\u00e4ten durch. Dies ist uns ein ebenso wichtiges Anliegen wie der sportliche Bereich.\u00a0Jeder der m\u00f6chte, kann &#8230; <a title=\"Tischtennis\" class=\"read-more\" href=\"https:\/\/www.svdeckenpfronn.de\/?page_id=14\" aria-label=\"Mehr Informationen \u00fcber Tischtennis\">Weiterlesen<\/a><\/p>\n","protected":false},"author":1,"featured_media":0,"parent":0,"menu_order":0,"comment_status":"closed","ping_status":"closed","template":"","meta":{"footnotes":""},"class_list":["post-14","page","type-page","status-publish"],"publishpress_future_action":{"enabled":false,"date":"2026-04-24 12:29:25","action":"change-status","newStatus":"draft","terms":[],"taxonomy":"","extraData":[]},"publishpress_future_workflow_manual_trigger":{"enabledWorkflows":[]},"_links":{"self":[{"href":"https:\/\/www.svdeckenpfronn.de\/index.php?rest_route=\/wp\/v2\/pages\/14","targetHints":{"allow":["GET"]}}],"collection":[{"href":"https:\/\/www.svdeckenpfronn.de\/index.php?rest_route=\/wp\/v2\/pages"}],"about":[{"href":"https:\/\/www.svdeckenpfronn.de\/index.php?rest_route=\/wp\/v2\/types\/page"}],"author":[{"embeddable":true,"href":"https:\/\/www.svdeckenpfronn.de\/index.php?rest_route=\/wp\/v2\/users\/1"}],"replies":[{"embeddable":true,"href":"https:\/\/www.svdeckenpfronn.de\/index.php?rest_route=%2Fwp%2Fv2%2Fcomments&post=14"}],"version-history":[{"count":7,"href":"https:\/\/www.svdeckenpfronn.de\/index.php?rest_route=\/wp\/v2\/pages\/14\/revisions"}],"predecessor-version":[{"id":4029,"href":"https:\/\/www.svdeckenpfronn.de\/index.php?rest_route=\/wp\/v2\/pages\/14\/revisions\/4029"}],"wp:attachment":[{"href":"https:\/\/www.svdeckenpfronn.de\/index.php?rest_route=%2Fwp%2Fv2%2Fmedia&parent=14"}],"curies":[{"name":"wp","href":"https:\/\/api.w.org\/{rel}","templated":true}]}}