{"id":163,"date":"2016-06-28T23:00:38","date_gmt":"2016-06-28T21:00:38","guid":{"rendered":"http:\/\/proto.svdeckenpfronn.de\/?page_id=163"},"modified":"2025-08-06T09:26:38","modified_gmt":"2025-08-06T07:26:38","slug":"jugend","status":"publish","type":"page","link":"https:\/\/www.svdeckenpfronn.de\/?page_id=163","title":{"rendered":"Jugend"},"content":{"rendered":"\n<p><strong><span style=\"font-family: 'Aptos',sans-serif;\">Unsere Jugend, unser Stolz!<\/span><\/strong><\/p>\n<p><span style=\"font-family: 'Aptos',sans-serif;\">Liebe Fu\u00dfballfreunde, liebe Eltern, Kinder und Fans,<img loading=\"lazy\" decoding=\"async\" class=\" wp-image-5367 alignright\" src=\"https:\/\/www.svdeckenpfronn.de\/wp-content\/uploads\/2025\/08\/20250805_185138-300x268.jpg\" alt=\"\" width=\"322\" height=\"288\" srcset=\"https:\/\/www.svdeckenpfronn.de\/wp-content\/uploads\/2025\/08\/20250805_185138-300x268.jpg 300w, https:\/\/www.svdeckenpfronn.de\/wp-content\/uploads\/2025\/08\/20250805_185138-1024x914.jpg 1024w, https:\/\/www.svdeckenpfronn.de\/wp-content\/uploads\/2025\/08\/20250805_185138-768x685.jpg 768w, https:\/\/www.svdeckenpfronn.de\/wp-content\/uploads\/2025\/08\/20250805_185138-1536x1370.jpg 1536w, https:\/\/www.svdeckenpfronn.de\/wp-content\/uploads\/2025\/08\/20250805_185138-2048x1827.jpg 2048w\" sizes=\"auto, (max-width: 322px) 100vw, 322px\" \/><\/span><\/p>\n<p><span style=\"font-family: 'Aptos',sans-serif;\">wer beim SV Deckenpfronn \u00fcbers Trainingsgel\u00e4nde oder den Sportplatz schaut, sieht sofort: Hier schl\u00e4gt das Herz unseres Vereins im Takt der Jugend. Rund <strong>120 M\u00e4dchen und Jungen <\/strong>sind Woche f\u00fcr Woche mit vollem Einsatz, leuchtenden Augen und manchmal auchschmutzigen Knien dabei. Vom ersten zaghaften Dribbling bei den Bambinis bis zu den kraftvollen Sprints unserer A-Jugend \u2013 \u00fcberall sp\u00fcrt man <strong>Leidenschaft<\/strong>, Energie und diese <strong>unbeschreibliche Freude am Fu\u00dfball.<\/strong> Es ist das Miteinander von Kids, Trainern, Eltern und Fans, <strong>das unseren SVD<\/strong> so besonders macht. Hier wird nicht nur Fu\u00dfball gespielt \u2013 hier entstehen <strong>Freundschaften<\/strong>, hier wird Teamgeist gelebt und hier w\u00e4chst das, was wir alle so sehr lieben: <strong>unsere Fu\u00dfballfamilie<\/strong>.<\/span><\/p>\n<p><span style=\"font-family: 'Aptos',sans-serif;\">Von den <strong>Bambinis<\/strong> bis zur <strong>E-Jugend<\/strong> tragen sie stolz das Trikot des SVD. Ab der <strong>D-Jugend <\/strong><\/span><span style=\"font-family: 'Aptos',sans-serif;\"><strong>bis hin zur A-Jugend<\/strong> k\u00e4mpfen unsere Talente in einer starken <strong>Spielgemeinschaft mit <\/strong><strong>Kuppingen und Sulz am Eck<\/strong> \u2013 ein echter Schulterschluss f\u00fcr die Zukunft. Unser Ziel? Klar: Wir wollen die Kids fu\u00dfballerisch ausbilden \u2013 mit Technik, Taktik und<br \/>Teamgeist. Aber noch viel wichtiger ist uns, dass sie hier <strong>Freude am Mannschaftssport <\/strong>entwickeln, <strong>Siegen und Verlieren als Team erleben<\/strong>, und dabei ganz nebenbei das Wichtigste lernen: <strong>Wir-Gef\u00fchl.<\/strong><\/span><\/p>\n<p><span style=\"font-family: 'Aptos',sans-serif;\">Denn was am Ende z\u00e4hlt, sind nicht nur Tore und Tabellen \u2013 sondern die <strong>Geschichten, <\/strong><strong>Freundschaften<\/strong> und <strong>Erinnerungen<\/strong>, die auf und neben dem Platz entstehen. Danke an alle Trainer*innen, Eltern, Helfer und Unterst\u00fctzer, die diesen Weg m\u00f6glich machen. <\/span><\/p>\n<p><span style=\"font-family: 'Aptos',sans-serif;\">Bleibt dran, feuert an \u2013 und vergesst nie: <strong>Einmal SVD, immer SVD!<\/strong><\/span><\/p>\n<p><span style=\"font-family: 'Aptos',sans-serif;\">Sportliche Gr\u00fc\u00dfe<br \/><\/span><span style=\"font-family: 'Aptos',sans-serif;\">Euer Jugendteam vom <strong>SV Deckenpfronn<\/strong><\/span><\/p>\n\n\n\n<figure class=\"wp-block-image size-large\"><img loading=\"lazy\" decoding=\"async\" width=\"1024\" height=\"576\" src=\"https:\/\/www.svdeckenpfronn.de\/wp-content\/uploads\/2025\/07\/SVD-Jugend-2025-1024x576.jpg\" alt=\"\" class=\"wp-image-5247\" srcset=\"https:\/\/www.svdeckenpfronn.de\/wp-content\/uploads\/2025\/07\/SVD-Jugend-2025-1024x576.jpg 1024w, https:\/\/www.svdeckenpfronn.de\/wp-content\/uploads\/2025\/07\/SVD-Jugend-2025-300x169.jpg 300w, https:\/\/www.svdeckenpfronn.de\/wp-content\/uploads\/2025\/07\/SVD-Jugend-2025-768x432.jpg 768w, https:\/\/www.svdeckenpfronn.de\/wp-content\/uploads\/2025\/07\/SVD-Jugend-2025-1536x864.jpg 1536w, https:\/\/www.svdeckenpfronn.de\/wp-content\/uploads\/2025\/07\/SVD-Jugend-2025-2048x1152.jpg 2048w\" sizes=\"auto, (max-width: 1024px) 100vw, 1024px\" \/><\/figure>\n","protected":false},"excerpt":{"rendered":"<p>Unsere Jugend, unser Stolz! Liebe Fu\u00dfballfreunde, liebe Eltern, Kinder und Fans, wer beim SV Deckenpfronn \u00fcbers Trainingsgel\u00e4nde oder den Sportplatz schaut, sieht sofort: Hier schl\u00e4gt das Herz unseres Vereins im Takt der Jugend. Rund 120 M\u00e4dchen und Jungen sind Woche f\u00fcr Woche mit vollem Einsatz, leuchtenden Augen und manchmal auchschmutzigen Knien dabei. Vom ersten zaghaften &#8230; <a title=\"Jugend\" class=\"read-more\" href=\"https:\/\/www.svdeckenpfronn.de\/?page_id=163\" aria-label=\"Mehr Informationen \u00fcber Jugend\">Weiterlesen<\/a><\/p>\n","protected":false},"author":1,"featured_media":0,"parent":0,"menu_order":0,"comment_status":"closed","ping_status":"closed","template":"","meta":{"footnotes":""},"class_list":["post-163","page","type-page","status-publish"],"publishpress_future_action":{"enabled":false,"date":"2026-04-15 20:12:41","action":"change-status","newStatus":"draft","terms":[],"taxonomy":"","extraData":[]},"publishpress_future_workflow_manual_trigger":{"enabledWorkflows":[]},"_links":{"self":[{"href":"https:\/\/www.svdeckenpfronn.de\/index.php?rest_route=\/wp\/v2\/pages\/163","targetHints":{"allow":["GET"]}}],"collection":[{"href":"https:\/\/www.svdeckenpfronn.de\/index.php?rest_route=\/wp\/v2\/pages"}],"about":[{"href":"https:\/\/www.svdeckenpfronn.de\/index.php?rest_route=\/wp\/v2\/types\/page"}],"author":[{"embeddable":true,"href":"https:\/\/www.svdeckenpfronn.de\/index.php?rest_route=\/wp\/v2\/users\/1"}],"replies":[{"embeddable":true,"href":"https:\/\/www.svdeckenpfronn.de\/index.php?rest_route=%2Fwp%2Fv2%2Fcomments&post=163"}],"version-history":[{"count":29,"href":"https:\/\/www.svdeckenpfronn.de\/index.php?rest_route=\/wp\/v2\/pages\/163\/revisions"}],"predecessor-version":[{"id":5371,"href":"https:\/\/www.svdeckenpfronn.de\/index.php?rest_route=\/wp\/v2\/pages\/163\/revisions\/5371"}],"wp:attachment":[{"href":"https:\/\/www.svdeckenpfronn.de\/index.php?rest_route=%2Fwp%2Fv2%2Fmedia&parent=163"}],"curies":[{"name":"wp","href":"https:\/\/api.w.org\/{rel}","templated":true}]}}