{"id":20,"date":"2016-06-20T20:07:33","date_gmt":"2016-06-20T20:07:33","guid":{"rendered":"http:\/\/proto.svdeckenpfronn.de\/?page_id=20"},"modified":"2026-03-23T11:17:03","modified_gmt":"2026-03-23T09:17:03","slug":"willkommen","status":"publish","type":"page","link":"https:\/\/www.svdeckenpfronn.de\/","title":{"rendered":"Herzlich Willkommen"},"content":{"rendered":"<p>Wir freuen uns ganz herzlich \u00fcber Ihren Besuch und hoffen, Ihnen interessante Informationen zum SVD, den verschiedenen Abteilungen, sowie \u00fcber den Verein allgemein und \u00fcber den F\u00f6rderverein zu geben. Infos zu den Abteilungen, Mannschaften, den Spielpl\u00e4nen, den Funktion\u00e4ren und nat\u00fcrlich die ewige &#8222;Bestenlisten&#8220; des SVD runden das Informationsangebot ab.<\/p>\n<p>Herzlichst, Ihr SVD<\/p>\n<div style=\"text-align: center; width: 100%; font-size: 22px; margin-bottom: 10px;\">&#8230;D a n k e&#8230;<\/div>\n<div>\u00a0<\/div>\n<h2 style=\"text-align: center;\">\u00a0<\/h2>\n\n\n<hr class=\"wp-block-separator has-css-opacity\"\/>\n\n\n\n<div class=\"popmake-5940\"><p style=\"text-align: center;\">Ein gro\u00dfer Dank all unseren Sponsoren!<\/p><\/div>\n\n\n\n<div class=\"popmake-5940\"><div class=\"popmake-5940\">\n<div style=\"dislay: flex;\"><img decoding=\"async\" style=\"width: 30%; margin: 0px 4%;\" src=\"https:\/\/www.svdeckenpfronn.de\/wp-content\/uploads\/2016\/06\/Wuschel.png\" \/> <img decoding=\"async\" style=\"width: 30%;\" src=\"https:\/\/www.svdeckenpfronn.de\/wp-content\/uploads\/2016\/06\/Lutz.jpg\" \/><\/div>\n<div style=\"dislay: flex;\"><img decoding=\"async\" style=\"width: 30%;\" src=\"https:\/\/www.svdeckenpfronn.de\/wp-content\/uploads\/2016\/06\/Riebe.jpg\" \/> <img decoding=\"async\" style=\"width: 30%; margin: 0px 4%;\" src=\"https:\/\/www.svdeckenpfronn.de\/wp-content\/uploads\/2016\/06\/Neuffer.jpg\" \/> <img decoding=\"async\" style=\"width: 30%;\" src=\"https:\/\/www.svdeckenpfronn.de\/wp-content\/uploads\/2016\/06\/Ruehle.gif\" \/><\/div>\n<div style=\"dislay: flex;\"><img loading=\"lazy\" decoding=\"async\" class=\"alignnone size-medium wp-image-5971\" src=\"https:\/\/www.svdeckenpfronn.de\/wp-content\/uploads\/2026\/03\/HundBLogo-300x206.jpg\" alt=\"\" width=\"300\" height=\"206\" srcset=\"https:\/\/www.svdeckenpfronn.de\/wp-content\/uploads\/2026\/03\/HundBLogo-300x206.jpg 300w, https:\/\/www.svdeckenpfronn.de\/wp-content\/uploads\/2026\/03\/HundBLogo-1024x702.jpg 1024w, https:\/\/www.svdeckenpfronn.de\/wp-content\/uploads\/2026\/03\/HundBLogo-768x527.jpg 768w, https:\/\/www.svdeckenpfronn.de\/wp-content\/uploads\/2026\/03\/HundBLogo-1536x1053.jpg 1536w, https:\/\/www.svdeckenpfronn.de\/wp-content\/uploads\/2026\/03\/HundBLogo.jpg 1600w\" sizes=\"auto, (max-width: 300px) 100vw, 300px\" \/><img decoding=\"async\" style=\"width: 30%;\" src=\"https:\/\/www.svdeckenpfronn.de\/wp-content\/uploads\/2016\/06\/Aichele.gif\" \/><\/div>\n<\/div><\/div>\n","protected":false},"excerpt":{"rendered":"<p>Wir freuen uns ganz herzlich \u00fcber Ihren Besuch und hoffen, Ihnen interessante Informationen zum SVD, den verschiedenen Abteilungen, sowie \u00fcber den Verein allgemein und \u00fcber den F\u00f6rderverein zu geben. Infos zu den Abteilungen, Mannschaften, den Spielpl\u00e4nen, den Funktion\u00e4ren und nat\u00fcrlich die ewige &#8222;Bestenlisten&#8220; des SVD runden das Informationsangebot ab. Herzlichst, Ihr SVD &#8230;D a n &#8230; <a title=\"Herzlich Willkommen\" class=\"read-more\" href=\"https:\/\/www.svdeckenpfronn.de\/\" aria-label=\"Mehr Informationen \u00fcber Herzlich Willkommen\">Weiterlesen<\/a><\/p>\n","protected":false},"author":1,"featured_media":4261,"parent":0,"menu_order":0,"comment_status":"closed","ping_status":"closed","template":"","meta":{"footnotes":""},"class_list":["post-20","page","type-page","status-publish","has-post-thumbnail"],"publishpress_future_action":{"enabled":false,"date":"2026-05-09 11:27:09","action":"change-status","newStatus":"draft","terms":[],"taxonomy":"","extraData":[]},"publishpress_future_workflow_manual_trigger":{"enabledWorkflows":[]},"_links":{"self":[{"href":"https:\/\/www.svdeckenpfronn.de\/index.php?rest_route=\/wp\/v2\/pages\/20","targetHints":{"allow":["GET"]}}],"collection":[{"href":"https:\/\/www.svdeckenpfronn.de\/index.php?rest_route=\/wp\/v2\/pages"}],"about":[{"href":"https:\/\/www.svdeckenpfronn.de\/index.php?rest_route=\/wp\/v2\/types\/page"}],"author":[{"embeddable":true,"href":"https:\/\/www.svdeckenpfronn.de\/index.php?rest_route=\/wp\/v2\/users\/1"}],"replies":[{"embeddable":true,"href":"https:\/\/www.svdeckenpfronn.de\/index.php?rest_route=%2Fwp%2Fv2%2Fcomments&post=20"}],"version-history":[{"count":51,"href":"https:\/\/www.svdeckenpfronn.de\/index.php?rest_route=\/wp\/v2\/pages\/20\/revisions"}],"predecessor-version":[{"id":5972,"href":"https:\/\/www.svdeckenpfronn.de\/index.php?rest_route=\/wp\/v2\/pages\/20\/revisions\/5972"}],"wp:featuredmedia":[{"embeddable":true,"href":"https:\/\/www.svdeckenpfronn.de\/index.php?rest_route=\/wp\/v2\/media\/4261"}],"wp:attachment":[{"href":"https:\/\/www.svdeckenpfronn.de\/index.php?rest_route=%2Fwp%2Fv2%2Fmedia&parent=20"}],"curies":[{"name":"wp","href":"https:\/\/api.w.org\/{rel}","templated":true}]}}