{"id":214,"date":"2016-06-29T21:06:12","date_gmt":"2016-06-29T19:06:12","guid":{"rendered":"http:\/\/proto.svdeckenpfronn.de\/?page_id=214"},"modified":"2025-08-15T13:46:26","modified_gmt":"2025-08-15T11:46:26","slug":"2-mannschaft","status":"publish","type":"page","link":"https:\/\/www.svdeckenpfronn.de\/?page_id=214","title":{"rendered":"2. Mannschaft"},"content":{"rendered":"<p><strong>Hintere Reihe (v.l.n.r.)<br \/>\n<\/strong><span style=\"font-size: revert;\">Luis Roth, Max Sch\u00f6neberg, Max Christmann, Maximilian Boch, Matthias Neuffer, Kai Lehfeld<\/span><\/p>\n<p><strong>Mittlere Reihe (v.l.n.r.)<br \/>\n<\/strong>Timo Braun (Spielertrainer), Robin M\u00fcller, Tobias Wunsch, Patrick Fahrner, Cedric Kugel, Mike Bauer, Steffen Marquardt, Silas N\u00fc\u00dfle, Manuel Neubert (Co-Spielertrainer)<\/p>\n<p><strong>Vordere Reihe (v.l.n.r.)<br \/>\n<\/strong>Daniel Paulus, Michael St\u00f6ffler, Max Wacker, Andr\u00e9 Lehmann<\/p>\n<p><strong>Es fehlen:<br \/>\n<\/strong>Patrick Wolf (Co-Spielertrainer), Yannik Schneider, Florian Kreidl, Patrick de Biasio, Florian Wacker, Ruben Tischner, Leon Braun, Marcel St\u00f6ffler, Lukas Wacker<\/p>\n<h2><strong>Trainingszeiten<\/strong><\/h2>\n<p>Dienstags und Donnerstags ab 19:30 Uhr im H&amp;B Fussballzentrum!<\/p>\n<h2><strong>Ansprechpartner<\/strong><\/h2>\n<p><strong>Trainer:<\/strong> Timo Braun<br \/>\n<strong>Co-Trainer:<\/strong> Patrick Wolf &amp; Manuel Neubert<\/p>\n<p>Spielberichte unserer zweiten Mannschaft finden Sie <a href=\"https:\/\/www.svdeckenpfronn.de\/?cat=5\" target=\"_blank\" rel=\"noopener noreferrer\">hier<\/a>.<\/p>\n","protected":false},"excerpt":{"rendered":"<p>Hintere Reihe (v.l.n.r.) Luis Roth, Max Sch\u00f6neberg, Max Christmann, Maximilian Boch, Matthias Neuffer, Kai Lehfeld Mittlere Reihe (v.l.n.r.) Timo Braun (Spielertrainer), Robin M\u00fcller, Tobias Wunsch, Patrick Fahrner, Cedric Kugel, Mike Bauer, Steffen Marquardt, Silas N\u00fc\u00dfle, Manuel Neubert (Co-Spielertrainer) Vordere Reihe (v.l.n.r.) Daniel Paulus, Michael St\u00f6ffler, Max Wacker, Andr\u00e9 Lehmann Es fehlen: Patrick Wolf (Co-Spielertrainer), Yannik &#8230; <a title=\"2. Mannschaft\" class=\"read-more\" href=\"https:\/\/www.svdeckenpfronn.de\/?page_id=214\" aria-label=\"Mehr Informationen \u00fcber 2. Mannschaft\">Weiterlesen<\/a><\/p>\n","protected":false},"author":1,"featured_media":5390,"parent":0,"menu_order":0,"comment_status":"closed","ping_status":"closed","template":"","meta":{"footnotes":""},"class_list":["post-214","page","type-page","status-publish","has-post-thumbnail"],"publishpress_future_action":{"enabled":false,"date":"2026-05-01 01:53:15","action":"change-status","newStatus":"draft","terms":[],"taxonomy":"","extraData":[]},"publishpress_future_workflow_manual_trigger":{"enabledWorkflows":[]},"_links":{"self":[{"href":"https:\/\/www.svdeckenpfronn.de\/index.php?rest_route=\/wp\/v2\/pages\/214","targetHints":{"allow":["GET"]}}],"collection":[{"href":"https:\/\/www.svdeckenpfronn.de\/index.php?rest_route=\/wp\/v2\/pages"}],"about":[{"href":"https:\/\/www.svdeckenpfronn.de\/index.php?rest_route=\/wp\/v2\/types\/page"}],"author":[{"embeddable":true,"href":"https:\/\/www.svdeckenpfronn.de\/index.php?rest_route=\/wp\/v2\/users\/1"}],"replies":[{"embeddable":true,"href":"https:\/\/www.svdeckenpfronn.de\/index.php?rest_route=%2Fwp%2Fv2%2Fcomments&post=214"}],"version-history":[{"count":26,"href":"https:\/\/www.svdeckenpfronn.de\/index.php?rest_route=\/wp\/v2\/pages\/214\/revisions"}],"predecessor-version":[{"id":5398,"href":"https:\/\/www.svdeckenpfronn.de\/index.php?rest_route=\/wp\/v2\/pages\/214\/revisions\/5398"}],"wp:featuredmedia":[{"embeddable":true,"href":"https:\/\/www.svdeckenpfronn.de\/index.php?rest_route=\/wp\/v2\/media\/5390"}],"wp:attachment":[{"href":"https:\/\/www.svdeckenpfronn.de\/index.php?rest_route=%2Fwp%2Fv2%2Fmedia&parent=214"}],"curies":[{"name":"wp","href":"https:\/\/api.w.org\/{rel}","templated":true}]}}