{"id":29,"date":"2016-06-20T20:42:05","date_gmt":"2016-06-20T18:42:05","guid":{"rendered":"http:\/\/proto.svdeckenpfronn.de\/?page_id=29"},"modified":"2022-07-07T17:10:50","modified_gmt":"2022-07-07T15:10:50","slug":"foerderverein-willkommen","status":"publish","type":"page","link":"https:\/\/www.svdeckenpfronn.de\/?page_id=29","title":{"rendered":"F\u00f6rderverein Willkommen"},"content":{"rendered":"<p>Sehr geehrte Freunde des Fu\u00dfballsports in Deckenpfronn,<img loading=\"lazy\" decoding=\"async\" class=\"alignnone size-medium wp-image-3900 alignright\" src=\"https:\/\/www.svdeckenpfronn.de\/wp-content\/uploads\/2020\/10\/bild-vorstand-2018-300x225.jpg\" alt=\"\" width=\"300\" height=\"225\" srcset=\"https:\/\/www.svdeckenpfronn.de\/wp-content\/uploads\/2020\/10\/bild-vorstand-2018-300x225.jpg 300w, https:\/\/www.svdeckenpfronn.de\/wp-content\/uploads\/2020\/10\/bild-vorstand-2018-768x576.jpg 768w, https:\/\/www.svdeckenpfronn.de\/wp-content\/uploads\/2020\/10\/bild-vorstand-2018-1024x768.jpg 1024w\" sizes=\"auto, (max-width: 300px) 100vw, 300px\" \/><\/p>\n<p>der F\u00f6rderverein des Sportvereins Deckenpfronn e.V. wurde 2006 gegr\u00fcndet, um dem Deckenpfronner Fu\u00dfballsport zu unterst\u00fctzen und damit den immer weiter steigenden Anforderungen an Ausr\u00fcstung, Ausbildung und Betreuung zu gen\u00fcgen.<\/p>\n<p>Und zwar nicht nur um unsere drei aktiven Mannschaften, sondern insbesondere auch um die hervorragende Jugendausbildung zu unterst\u00fctzen und zu f\u00f6rdern wo immer es nur geht. Denn die Kinder\u2013 und Jugendausbildung ist einer der Schl\u00fcssel zum Erfolg unserer aktiven Mannschaften und somit des gesamten Vereins.<\/p>\n<p>Der F\u00f6rderverein geht auf den bereits viele Jahre zuvor von Kurt Rei\u00dfer gegr\u00fcndeten und engagiert gef\u00fchrten F\u00f6rderkreis zur\u00fcck. In all den Jahren\u2014bis heute\u2014k\u00f6nnen wir auf viele treue und langj\u00e4hrige Partner und F\u00f6rderer\u2014 Privatpersonen als auch Firmen\u2014z\u00e4hlen. Erst die Unterst\u00fctzung all dieser Partner macht den Fu\u00dfballsport und die Kinder\u2013 und Jugendausbildung in der aktuellen Form erst m\u00f6glich.<\/p>\n<p><b>An dieser Stelle ein herzliches Dankesch\u00f6n an alle Partner und Spender<\/b>.<\/p>\n<p>Ein besonderer Dank gilt unserem Hauptsponsor H&amp;B Electronic in der Person von Dieter H\u00f6lzle.<\/p>\n<p>Ein Umstand\u00a0 ist besonders wichtig und ihn gilt es auch hervorzuheben: alle Spenden kommen direkt an \u2014 die gesamte Unterst\u00fctzung flie\u00dft ausschlie\u00dflich\u00a0 in den aktiven Sportbetrieb sowie in die Kinder\u2013 und Jugendausbildung.<\/p>\n<p>Alle unsere Partner und Spender werden auf Wunsch auf unseren Spendentafeln auf dem Sportgel\u00e4nde aufgenommen\u2014Privatpersonen als auch Firmen. Au\u00dferdem erfolgt eine Nennung im Stadionheft sowie auf unserer Internetseite.<\/p>\n<p>Sollten auch Sie Interesse haben, den <b>Fu\u00dfballsport und die Jugendausbildung <\/b>in Deckenpfronn zu f\u00f6rdern, sind Sie jederzeit herzlich willkommen. Hier auf unseren Internetseiten finden Sie weitere Details zum F\u00f6rderverein und einen Aufnahmeantrag. Bei weiteren Fragen steht Ihnen der Vorstand auch jederzeit gerne f\u00fcr ein pers\u00f6nliches Gespr\u00e4ch und weitere Ausk\u00fcnfte zur Verf\u00fcgung.<\/p>\n<p>Mit sportlichen Gr\u00fc\u00dfen<\/p>\n<p>Ihr F\u00f6rderverein des SV Deckenpfronn e.V.<\/p>\n<p>Ralph S\u00fc\u00dfer<br \/>\n2. Vorstand<\/p>\n","protected":false},"excerpt":{"rendered":"<p>Sehr geehrte Freunde des Fu\u00dfballsports in Deckenpfronn, der F\u00f6rderverein des Sportvereins Deckenpfronn e.V. wurde 2006 gegr\u00fcndet, um dem Deckenpfronner Fu\u00dfballsport zu unterst\u00fctzen und damit den immer weiter steigenden Anforderungen an Ausr\u00fcstung, Ausbildung und Betreuung zu gen\u00fcgen. Und zwar nicht nur um unsere drei aktiven Mannschaften, sondern insbesondere auch um die hervorragende Jugendausbildung zu unterst\u00fctzen und &#8230; <a title=\"F\u00f6rderverein Willkommen\" class=\"read-more\" href=\"https:\/\/www.svdeckenpfronn.de\/?page_id=29\" aria-label=\"Mehr Informationen \u00fcber F\u00f6rderverein Willkommen\">Weiterlesen<\/a><\/p>\n","protected":false},"author":1,"featured_media":0,"parent":0,"menu_order":0,"comment_status":"closed","ping_status":"closed","template":"","meta":{"footnotes":""},"class_list":["post-29","page","type-page","status-publish"],"publishpress_future_action":{"enabled":false,"date":"2026-05-12 07:26:37","action":"change-status","newStatus":"draft","terms":[],"taxonomy":"","extraData":[]},"publishpress_future_workflow_manual_trigger":{"enabledWorkflows":[]},"_links":{"self":[{"href":"https:\/\/www.svdeckenpfronn.de\/index.php?rest_route=\/wp\/v2\/pages\/29","targetHints":{"allow":["GET"]}}],"collection":[{"href":"https:\/\/www.svdeckenpfronn.de\/index.php?rest_route=\/wp\/v2\/pages"}],"about":[{"href":"https:\/\/www.svdeckenpfronn.de\/index.php?rest_route=\/wp\/v2\/types\/page"}],"author":[{"embeddable":true,"href":"https:\/\/www.svdeckenpfronn.de\/index.php?rest_route=\/wp\/v2\/users\/1"}],"replies":[{"embeddable":true,"href":"https:\/\/www.svdeckenpfronn.de\/index.php?rest_route=%2Fwp%2Fv2%2Fcomments&post=29"}],"version-history":[{"count":10,"href":"https:\/\/www.svdeckenpfronn.de\/index.php?rest_route=\/wp\/v2\/pages\/29\/revisions"}],"predecessor-version":[{"id":4339,"href":"https:\/\/www.svdeckenpfronn.de\/index.php?rest_route=\/wp\/v2\/pages\/29\/revisions\/4339"}],"wp:attachment":[{"href":"https:\/\/www.svdeckenpfronn.de\/index.php?rest_route=%2Fwp%2Fv2%2Fmedia&parent=29"}],"curies":[{"name":"wp","href":"https:\/\/api.w.org\/{rel}","templated":true}]}}