{"id":3559,"date":"2019-12-01T16:11:03","date_gmt":"2019-12-01T14:11:03","guid":{"rendered":"http:\/\/www.svdeckenpfronn.de\/?page_id=3559"},"modified":"2019-12-01T16:24:33","modified_gmt":"2019-12-01T14:24:33","slug":"wfv-ehrenamtsveranstaltung-in-herrenberg","status":"publish","type":"page","link":"https:\/\/www.svdeckenpfronn.de\/?page_id=3559","title":{"rendered":"Ehrenamtsveranstaltung in Herrenberg"},"content":{"rendered":"<p>Bei der diesj\u00e4hrigen Ehrenamtsveranstaltung im Studio der Kreissparkasse Herrenberg wurden wieder zwei verdiente Mitglieder <strong>Bernhard Schneider<\/strong> und <strong>Oliver Schneider<\/strong> unseres SV Deckenpfronn f\u00fcr ihr ehrenamtliches Engagement geehrt.<br \/>\nIm Rahmen der Festlichkeiten wurde ihnen im Namen des DFB eine Urkunde und eine Uhr \u00fcberreicht.<br \/>\nDer SV Deckenpfronn gratuliert den Geehrten ganz herzlich.<\/p>\n<p>F\u00fcr den knapp verfehlten 3. Platz des Vereinsehrenamtspreises erhielten wir einen Fu\u00dfball f\u00fcr den Verein.<\/p>\n<p><img loading=\"lazy\" decoding=\"async\" class=\"alignnone size-medium wp-image-3564\" src=\"https:\/\/www.svdeckenpfronn.de\/wp-content\/uploads\/2019\/12\/DSC06491-300x200.jpg\" alt=\"\" width=\"300\" height=\"200\" srcset=\"https:\/\/www.svdeckenpfronn.de\/wp-content\/uploads\/2019\/12\/DSC06491-300x200.jpg 300w, https:\/\/www.svdeckenpfronn.de\/wp-content\/uploads\/2019\/12\/DSC06491-768x511.jpg 768w, https:\/\/www.svdeckenpfronn.de\/wp-content\/uploads\/2019\/12\/DSC06491-1024x682.jpg 1024w\" sizes=\"auto, (max-width: 300px) 100vw, 300px\" \/> <img loading=\"lazy\" decoding=\"async\" class=\"alignnone size-medium wp-image-3565\" src=\"https:\/\/www.svdeckenpfronn.de\/wp-content\/uploads\/2019\/12\/Ehrenamtgruppenbild-26-11-19-300x200.jpg\" alt=\"\" width=\"300\" height=\"200\" srcset=\"https:\/\/www.svdeckenpfronn.de\/wp-content\/uploads\/2019\/12\/Ehrenamtgruppenbild-26-11-19-300x200.jpg 300w, https:\/\/www.svdeckenpfronn.de\/wp-content\/uploads\/2019\/12\/Ehrenamtgruppenbild-26-11-19-768x511.jpg 768w, https:\/\/www.svdeckenpfronn.de\/wp-content\/uploads\/2019\/12\/Ehrenamtgruppenbild-26-11-19-1024x682.jpg 1024w\" sizes=\"auto, (max-width: 300px) 100vw, 300px\" \/><\/p>\n","protected":false},"excerpt":{"rendered":"<p>Bei der diesj\u00e4hrigen Ehrenamtsveranstaltung im Studio der Kreissparkasse Herrenberg wurden wieder zwei verdiente Mitglieder Bernhard Schneider und Oliver Schneider unseres SV Deckenpfronn f\u00fcr ihr ehrenamtliches Engagement geehrt. Im Rahmen der Festlichkeiten wurde ihnen im Namen des DFB eine Urkunde und eine Uhr \u00fcberreicht. Der SV Deckenpfronn gratuliert den Geehrten ganz herzlich. F\u00fcr den knapp verfehlten &#8230; <a title=\"Ehrenamtsveranstaltung in Herrenberg\" class=\"read-more\" href=\"https:\/\/www.svdeckenpfronn.de\/?page_id=3559\" aria-label=\"Mehr Informationen \u00fcber Ehrenamtsveranstaltung in Herrenberg\">Weiterlesen<\/a><\/p>\n","protected":false},"author":3,"featured_media":3560,"parent":0,"menu_order":0,"comment_status":"closed","ping_status":"closed","template":"","meta":{"footnotes":""},"class_list":["post-3559","page","type-page","status-publish","has-post-thumbnail"],"publishpress_future_action":{"enabled":false,"date":"2026-05-14 03:40:14","action":"change-status","newStatus":"draft","terms":[],"taxonomy":"","extraData":[]},"publishpress_future_workflow_manual_trigger":{"enabledWorkflows":[]},"_links":{"self":[{"href":"https:\/\/www.svdeckenpfronn.de\/index.php?rest_route=\/wp\/v2\/pages\/3559","targetHints":{"allow":["GET"]}}],"collection":[{"href":"https:\/\/www.svdeckenpfronn.de\/index.php?rest_route=\/wp\/v2\/pages"}],"about":[{"href":"https:\/\/www.svdeckenpfronn.de\/index.php?rest_route=\/wp\/v2\/types\/page"}],"author":[{"embeddable":true,"href":"https:\/\/www.svdeckenpfronn.de\/index.php?rest_route=\/wp\/v2\/users\/3"}],"replies":[{"embeddable":true,"href":"https:\/\/www.svdeckenpfronn.de\/index.php?rest_route=%2Fwp%2Fv2%2Fcomments&post=3559"}],"version-history":[{"count":7,"href":"https:\/\/www.svdeckenpfronn.de\/index.php?rest_route=\/wp\/v2\/pages\/3559\/revisions"}],"predecessor-version":[{"id":3570,"href":"https:\/\/www.svdeckenpfronn.de\/index.php?rest_route=\/wp\/v2\/pages\/3559\/revisions\/3570"}],"wp:featuredmedia":[{"embeddable":true,"href":"https:\/\/www.svdeckenpfronn.de\/index.php?rest_route=\/wp\/v2\/media\/3560"}],"wp:attachment":[{"href":"https:\/\/www.svdeckenpfronn.de\/index.php?rest_route=%2Fwp%2Fv2%2Fmedia&parent=3559"}],"curies":[{"name":"wp","href":"https:\/\/api.w.org\/{rel}","templated":true}]}}