{"id":462,"date":"2016-08-26T09:29:11","date_gmt":"2016-08-26T07:29:11","guid":{"rendered":"http:\/\/proto.svdeckenpfronn.de\/?page_id=462"},"modified":"2022-07-07T16:44:30","modified_gmt":"2022-07-07T14:44:30","slug":"satzung-2","status":"publish","type":"page","link":"https:\/\/www.svdeckenpfronn.de\/?page_id=462","title":{"rendered":"Satzung"},"content":{"rendered":"<p>Hier finden Sie die aktuelle Satzung des F\u00f6rdervereins des Sportvereins Deckenpfronn e.V.:<\/p>\n<p><a href=\"http:\/\/svdeckenpfronn.de\/wp-content\/uploads\/2016\/08\/03_Satzung-F\u00f6rderverein-Endversion.pdf\" target=\"_blank\" rel=\"noopener noreferrer\">Satzung F\u00f6rderverein SVD<\/a><\/p>\n<p>Und hier ist der Mitgliedsantrag um Mitglied (kein &#8222;Partner&#8220;) im F\u00f6rderverein zu werden:<\/p>\n<p><a href=\"https:\/\/www.svdeckenpfronn.de\/wp-content\/uploads\/2022\/07\/svd-foerderverein-beitrittserklaerung-v3.pdf\">SVD F\u00f6rderverein Mitgliedsantrag\/Beitrittserkl\u00e4rung<\/a><\/p>\n\n\n<p>Bitte beachten: dieser Mitgliedsantrag ist &#8222;nur&#8220; gedacht, um Mitglied im F\u00f6rderverein zu werden.<br \/>Um Partner zu werden, verwenden Sie bitte folgendes Dokument:<\/p>\n<p><a href=\"https:\/\/www.svdeckenpfronn.de\/wp-content\/uploads\/2022\/07\/svd-foerderverein-partner-werden-v2.pdf\">SVD F\u00f6rderverein &#8211; Partner werden<\/a><\/p>\n<p>\u00a0<\/p>\n","protected":false},"excerpt":{"rendered":"<p>Hier finden Sie die aktuelle Satzung des F\u00f6rdervereins des Sportvereins Deckenpfronn e.V.: Satzung F\u00f6rderverein SVD Und hier ist der Mitgliedsantrag um Mitglied (kein &#8222;Partner&#8220;) im F\u00f6rderverein zu werden: SVD F\u00f6rderverein Mitgliedsantrag\/Beitrittserkl\u00e4rung Bitte beachten: dieser Mitgliedsantrag ist &#8222;nur&#8220; gedacht, um Mitglied im F\u00f6rderverein zu werden.Um Partner zu werden, verwenden Sie bitte folgendes Dokument: SVD F\u00f6rderverein &#8211; &#8230; <a title=\"Satzung\" class=\"read-more\" href=\"https:\/\/www.svdeckenpfronn.de\/?page_id=462\" aria-label=\"Mehr Informationen \u00fcber Satzung\">Weiterlesen<\/a><\/p>\n","protected":false},"author":3,"featured_media":0,"parent":0,"menu_order":0,"comment_status":"closed","ping_status":"closed","template":"","meta":{"footnotes":""},"class_list":["post-462","page","type-page","status-publish"],"publishpress_future_action":{"enabled":false,"date":"2026-04-22 00:15:48","action":"change-status","newStatus":"draft","terms":[],"taxonomy":"","extraData":[]},"publishpress_future_workflow_manual_trigger":{"enabledWorkflows":[]},"_links":{"self":[{"href":"https:\/\/www.svdeckenpfronn.de\/index.php?rest_route=\/wp\/v2\/pages\/462","targetHints":{"allow":["GET"]}}],"collection":[{"href":"https:\/\/www.svdeckenpfronn.de\/index.php?rest_route=\/wp\/v2\/pages"}],"about":[{"href":"https:\/\/www.svdeckenpfronn.de\/index.php?rest_route=\/wp\/v2\/types\/page"}],"author":[{"embeddable":true,"href":"https:\/\/www.svdeckenpfronn.de\/index.php?rest_route=\/wp\/v2\/users\/3"}],"replies":[{"embeddable":true,"href":"https:\/\/www.svdeckenpfronn.de\/index.php?rest_route=%2Fwp%2Fv2%2Fcomments&post=462"}],"version-history":[{"count":27,"href":"https:\/\/www.svdeckenpfronn.de\/index.php?rest_route=\/wp\/v2\/pages\/462\/revisions"}],"predecessor-version":[{"id":4328,"href":"https:\/\/www.svdeckenpfronn.de\/index.php?rest_route=\/wp\/v2\/pages\/462\/revisions\/4328"}],"wp:attachment":[{"href":"https:\/\/www.svdeckenpfronn.de\/index.php?rest_route=%2Fwp%2Fv2%2Fmedia&parent=462"}],"curies":[{"name":"wp","href":"https:\/\/api.w.org\/{rel}","templated":true}]}}