{"id":4784,"date":"2023-08-09T20:22:56","date_gmt":"2023-08-09T18:22:56","guid":{"rendered":"https:\/\/www.svdeckenpfronn.de\/?page_id=4784"},"modified":"2023-08-09T20:22:56","modified_gmt":"2023-08-09T18:22:56","slug":"abteilungsversammlung-2023","status":"publish","type":"page","link":"https:\/\/www.svdeckenpfronn.de\/?page_id=4784","title":{"rendered":"Abteilungsversammlung 2023"},"content":{"rendered":"\n<p>\u00a0<\/p>\n<p>Zur Abteilungsversammlung 2023 der Fu\u00dfballabteilung am Samstag den 16.09.2022, 20:00 Uhr im Sportheim Deckenpfronn laden wir alle Mitglieder, aktive Spieler, Jugendtrainer, Freunde und G\u00f6nner des Fu\u00dfballs recht herzlich ein.<\/p>\n<p><br \/>Tagesordnung:<br \/>1) Begr\u00fc\u00dfung<br \/>2) Berichte: Schriftf\u00fchrer, Kassier, Spielleiter Herren, Spielleiter AH, Jugendleiter<br \/>3) Entlastung<br \/>4) Wahlen<br \/>5) Ehrungen<br \/>6) Antr\u00e4ge, Sonstiges<\/p>\n<p><br \/>Antr\u00e4ge zur Abteilungsversammlung sind schriftlich bis sp\u00e4testens Sonntag, 10.09.2023,<br \/>beim 1.Abteilungsleiter Alexander Boch, Wildberger Weg 16, 75392 Deckenpfronn einzureichen.<\/p>\n","protected":false},"excerpt":{"rendered":"<p>\u00a0 Zur Abteilungsversammlung 2023 der Fu\u00dfballabteilung am Samstag den 16.09.2022, 20:00 Uhr im Sportheim Deckenpfronn laden wir alle Mitglieder, aktive Spieler, Jugendtrainer, Freunde und G\u00f6nner des Fu\u00dfballs recht herzlich ein. Tagesordnung:1) Begr\u00fc\u00dfung2) Berichte: Schriftf\u00fchrer, Kassier, Spielleiter Herren, Spielleiter AH, Jugendleiter3) Entlastung4) Wahlen5) Ehrungen6) Antr\u00e4ge, Sonstiges Antr\u00e4ge zur Abteilungsversammlung sind schriftlich bis sp\u00e4testens Sonntag, 10.09.2023,beim 1.Abteilungsleiter &#8230; <a title=\"Abteilungsversammlung 2023\" class=\"read-more\" href=\"https:\/\/www.svdeckenpfronn.de\/?page_id=4784\" aria-label=\"Mehr Informationen \u00fcber Abteilungsversammlung 2023\">Weiterlesen<\/a><\/p>\n","protected":false},"author":5,"featured_media":0,"parent":0,"menu_order":0,"comment_status":"closed","ping_status":"closed","template":"","meta":{"footnotes":""},"class_list":["post-4784","page","type-page","status-publish"],"publishpress_future_action":{"enabled":false,"date":"2026-04-24 00:09:31","action":"change-status","newStatus":"draft","terms":[],"taxonomy":"","extraData":[]},"publishpress_future_workflow_manual_trigger":{"enabledWorkflows":[]},"_links":{"self":[{"href":"https:\/\/www.svdeckenpfronn.de\/index.php?rest_route=\/wp\/v2\/pages\/4784","targetHints":{"allow":["GET"]}}],"collection":[{"href":"https:\/\/www.svdeckenpfronn.de\/index.php?rest_route=\/wp\/v2\/pages"}],"about":[{"href":"https:\/\/www.svdeckenpfronn.de\/index.php?rest_route=\/wp\/v2\/types\/page"}],"author":[{"embeddable":true,"href":"https:\/\/www.svdeckenpfronn.de\/index.php?rest_route=\/wp\/v2\/users\/5"}],"replies":[{"embeddable":true,"href":"https:\/\/www.svdeckenpfronn.de\/index.php?rest_route=%2Fwp%2Fv2%2Fcomments&post=4784"}],"version-history":[{"count":1,"href":"https:\/\/www.svdeckenpfronn.de\/index.php?rest_route=\/wp\/v2\/pages\/4784\/revisions"}],"predecessor-version":[{"id":4785,"href":"https:\/\/www.svdeckenpfronn.de\/index.php?rest_route=\/wp\/v2\/pages\/4784\/revisions\/4785"}],"wp:attachment":[{"href":"https:\/\/www.svdeckenpfronn.de\/index.php?rest_route=%2Fwp%2Fv2%2Fmedia&parent=4784"}],"curies":[{"name":"wp","href":"https:\/\/api.w.org\/{rel}","templated":true}]}}