{"id":479,"date":"2016-08-26T10:40:54","date_gmt":"2016-08-26T08:40:54","guid":{"rendered":"http:\/\/proto.svdeckenpfronn.de\/?page_id=479"},"modified":"2022-07-07T16:59:53","modified_gmt":"2022-07-07T14:59:53","slug":"unsere-partner","status":"publish","type":"page","link":"https:\/\/www.svdeckenpfronn.de\/?page_id=479","title":{"rendered":"Unsere Partner"},"content":{"rendered":"<p><b>Unser<\/b> <b>besonderer<\/b> <b>Dank<\/b> <b>gilt<\/b> <b>folgenden<\/b> <b>Spendern<\/b><b>:<\/b><\/p>\n<p><b>Firmen:<\/b><\/p>\n<table style=\"border-collapse: collapse; width: 100%; height: 451px;\" border=\"1\">\n<tbody>\n<tr style=\"height: 41px;\">\n<td style=\"width: 33.3333%; height: 41px;\">Erich H\u00f6pfer<\/td>\n<td style=\"width: 33.3333%; height: 41px;\">Jochen Dongus<\/td>\n<td style=\"width: 33.3333%; height: 41px;\">Ingrid R\u00fchle<\/td>\n<\/tr>\n<tr style=\"height: 41px;\">\n<td style=\"width: 33.3333%; height: 41px;\">Rolf Neuffer<\/td>\n<td style=\"width: 33.3333%; height: 41px;\">Rainer Neuffer<\/td>\n<td style=\"width: 33.3333%; height: 41px;\">Dr. Wolfgang K\u00f6mpf<\/td>\n<\/tr>\n<tr style=\"height: 41px;\">\n<td style=\"width: 33.3333%; height: 41px;\">Horst Paulus<\/td>\n<td style=\"width: 33.3333%; height: 41px;\">Katrin Sander<\/td>\n<td style=\"width: 33.3333%; height: 41px;\">Steffen Kehl<\/td>\n<\/tr>\n<tr style=\"height: 41px;\">\n<td style=\"width: 33.3333%; height: 41px;\">Walter Schill<\/td>\n<td style=\"width: 33.3333%; height: 41px;\">Wolfgang Kindler<\/td>\n<td style=\"width: 33.3333%; height: 41px;\">Volksbank Herrenberg-Rottenburg<\/td>\n<\/tr>\n<tr style=\"height: 41px;\">\n<td style=\"width: 33.3333%; height: 41px;\">Dieter H\u00f6lzle<\/td>\n<td style=\"width: 33.3333%; height: 41px;\">Dieter Buck<\/td>\n<td style=\"width: 33.3333%; height: 41px;\">Siegfried Marquardt<\/td>\n<\/tr>\n<tr style=\"height: 41px;\">\n<td style=\"width: 33.3333%; height: 41px;\">Uwe Paulus<\/td>\n<td style=\"width: 33.3333%; height: 41px;\">Willi Sehner<\/td>\n<td style=\"width: 33.3333%; height: 41px;\">Ralph S\u00fc\u00dfer<\/td>\n<\/tr>\n<tr style=\"height: 41px;\">\n<td style=\"width: 33.3333%; height: 41px;\">Max Bschlangaul<\/td>\n<td style=\"width: 33.3333%; height: 41px;\">Marko Hengel<\/td>\n<td style=\"width: 33.3333%; height: 41px;\">Max Riebe<\/td>\n<\/tr>\n<tr style=\"height: 41px;\">\n<td style=\"width: 33.3333%; height: 41px;\">Hans-Werner Wei\u00dfling<\/td>\n<td style=\"width: 33.3333%; height: 41px;\">Friedrich Rebmann<\/td>\n<td style=\"width: 33.3333%; height: 41px;\">Frank Steimle<\/td>\n<\/tr>\n<tr style=\"height: 41px;\">\n<td style=\"width: 33.3333%; height: 41px;\">Herta Wunschick<\/td>\n<td style=\"width: 33.3333%; height: 41px;\"><\/td>\n<td style=\"width: 33.3333%; height: 41px;\"><\/td>\n<\/tr>\n<\/tbody>\n<\/table>\n<p><b>Privat:<\/b><\/p>\n<table style=\"border-collapse: collapse; width: 100%; height: 366px;\" border=\"1\">\n<tbody>\n<tr style=\"height: 41px;\">\n<td style=\"width: 33.3333%; height: 41px;\">Alexander Eberhard<\/td>\n<td style=\"width: 33.3333%; height: 41px;\">J\u00fcrgen Schneider<\/td>\n<td style=\"width: 33.3333%; height: 41px;\">Dieter Neuffer<\/td>\n<\/tr>\n<tr style=\"height: 41px;\">\n<td style=\"width: 33.3333%; height: 41px;\">Uli Paulus<\/td>\n<td style=\"width: 33.3333%; height: 41px;\">Werner Schneider<\/td>\n<td style=\"width: 33.3333%; height: 41px;\">Gerhard Baittinger<\/td>\n<\/tr>\n<tr style=\"height: 41px;\">\n<td style=\"width: 33.3333%; height: 41px;\">Hans H\u00e4tinger<\/td>\n<td style=\"width: 33.3333%; height: 41px;\">Irene St\u00f6ffler<\/td>\n<td style=\"width: 33.3333%; height: 41px;\">Irma Paulus<\/td>\n<\/tr>\n<tr style=\"height: 41px;\">\n<td style=\"width: 33.3333%; height: 41px;\">Peter Paulus<\/td>\n<td style=\"width: 33.3333%; height: 41px;\">Ulrich Boch<\/td>\n<td style=\"width: 33.3333%; height: 41px;\">Oliver Schneider<\/td>\n<\/tr>\n<tr style=\"height: 41px;\">\n<td style=\"width: 33.3333%; height: 41px;\">Markus Schulthei\u00df<\/td>\n<td style=\"width: 33.3333%; height: 41px;\">Eberhard Mayer<\/td>\n<td style=\"width: 33.3333%; height: 41px;\">Gerhard Schneider<\/td>\n<\/tr>\n<tr style=\"height: 41px;\">\n<td style=\"width: 33.3333%; height: 41px;\">Gabi &amp; Steve Bebb<\/td>\n<td style=\"width: 33.3333%; height: 41px;\">Richard Dongus<\/td>\n<td style=\"width: 33.3333%; height: 41px;\">Walter Dongus<\/td>\n<\/tr>\n<tr style=\"height: 41px;\">\n<td style=\"width: 33.3333%; height: 41px;\">Lydia Klasen<\/td>\n<td style=\"width: 33.3333%; height: 41px;\">Eduard Scheurenbrand<\/td>\n<td style=\"width: 33.3333%; height: 41px;\">Joachim Schneider<\/td>\n<\/tr>\n<tr style=\"height: 28px;\">\n<td style=\"width: 33.3333%; height: 28px;\">Adolf Paulus<\/td>\n<td style=\"width: 33.3333%; height: 28px;\">J\u00fcrgen Wolf<\/td>\n<td style=\"width: 33.3333%; height: 28px;\">Siegfried Stahl<\/td>\n<\/tr>\n<tr style=\"height: 10px;\">\n<td style=\"width: 33.3333%; height: 10px;\">Horst Kugel<\/td>\n<td style=\"width: 33.3333%; height: 10px;\">Uli Schneider<\/td>\n<td style=\"width: 33.3333%; height: 10px;\">Rolf Schechinger<\/td>\n<\/tr>\n<tr style=\"height: 41px;\">\n<td style=\"width: 33.3333%; height: 41px;\">Karl Luz<\/td>\n<td style=\"width: 33.3333%; height: 41px;\"><\/td>\n<td style=\"width: 33.3333%; height: 41px;\"><\/td>\n<\/tr>\n<\/tbody>\n<\/table>\n<p><strong>In ehrenvoller Erinnerung gedenken wir unseren verstorbenen Partnern und F\u00f6rderer:<\/strong><\/p>\n<table style=\"height: 52px; width: 100%; border-collapse: collapse;\" border=\"1\">\n<tbody>\n<tr style=\"height: 10px;\">\n<td style=\"width: 33.3333%; height: 10px;\">Kurt Rei\u00dfer<\/td>\n<td style=\"width: 33.3333%; height: 10px;\">Manfred Aichele<\/td>\n<td style=\"width: 33.3333%; height: 10px;\">Jochen St\u00f6ffler<\/td>\n<\/tr>\n<tr style=\"height: 42px;\">\n<td style=\"width: 33.3333%; height: 42px;\">Dieter Gr\u00f6tzner<\/td>\n<td style=\"width: 33.3333%; height: 42px;\">Norbert Hergenhahn<\/td>\n<td style=\"width: 33.3333%; height: 42px;\">Max Fallet<\/td>\n<\/tr>\n<\/tbody>\n<\/table>\n","protected":false},"excerpt":{"rendered":"<p>Unser besonderer Dank gilt folgenden Spendern: Firmen: Erich H\u00f6pfer Jochen Dongus Ingrid R\u00fchle Rolf Neuffer Rainer Neuffer Dr. Wolfgang K\u00f6mpf Horst Paulus Katrin Sander Steffen Kehl Walter Schill Wolfgang Kindler Volksbank Herrenberg-Rottenburg Dieter H\u00f6lzle Dieter Buck Siegfried Marquardt Uwe Paulus Willi Sehner Ralph S\u00fc\u00dfer Max Bschlangaul Marko Hengel Max Riebe Hans-Werner Wei\u00dfling Friedrich Rebmann Frank &#8230; <a title=\"Unsere Partner\" class=\"read-more\" href=\"https:\/\/www.svdeckenpfronn.de\/?page_id=479\" aria-label=\"Mehr Informationen \u00fcber Unsere Partner\">Weiterlesen<\/a><\/p>\n","protected":false},"author":3,"featured_media":0,"parent":0,"menu_order":0,"comment_status":"closed","ping_status":"closed","template":"","meta":{"footnotes":""},"class_list":["post-479","page","type-page","status-publish"],"publishpress_future_action":{"enabled":false,"date":"2026-05-20 22:47:18","action":"change-status","newStatus":"draft","terms":[],"taxonomy":"","extraData":[]},"publishpress_future_workflow_manual_trigger":{"enabledWorkflows":[]},"_links":{"self":[{"href":"https:\/\/www.svdeckenpfronn.de\/index.php?rest_route=\/wp\/v2\/pages\/479","targetHints":{"allow":["GET"]}}],"collection":[{"href":"https:\/\/www.svdeckenpfronn.de\/index.php?rest_route=\/wp\/v2\/pages"}],"about":[{"href":"https:\/\/www.svdeckenpfronn.de\/index.php?rest_route=\/wp\/v2\/types\/page"}],"author":[{"embeddable":true,"href":"https:\/\/www.svdeckenpfronn.de\/index.php?rest_route=\/wp\/v2\/users\/3"}],"replies":[{"embeddable":true,"href":"https:\/\/www.svdeckenpfronn.de\/index.php?rest_route=%2Fwp%2Fv2%2Fcomments&post=479"}],"version-history":[{"count":5,"href":"https:\/\/www.svdeckenpfronn.de\/index.php?rest_route=\/wp\/v2\/pages\/479\/revisions"}],"predecessor-version":[{"id":4336,"href":"https:\/\/www.svdeckenpfronn.de\/index.php?rest_route=\/wp\/v2\/pages\/479\/revisions\/4336"}],"wp:attachment":[{"href":"https:\/\/www.svdeckenpfronn.de\/index.php?rest_route=%2Fwp%2Fv2%2Fmedia&parent=479"}],"curies":[{"name":"wp","href":"https:\/\/api.w.org\/{rel}","templated":true}]}}