{"id":482,"date":"2016-08-26T10:41:52","date_gmt":"2016-08-26T08:41:52","guid":{"rendered":"http:\/\/proto.svdeckenpfronn.de\/?page_id=482"},"modified":"2022-07-07T16:47:23","modified_gmt":"2022-07-07T14:47:23","slug":"partner-werden","status":"publish","type":"page","link":"https:\/\/www.svdeckenpfronn.de\/?page_id=482","title":{"rendered":"Partner werden"},"content":{"rendered":"<p>Sehr geehrter Unternehmer,<img loading=\"lazy\" decoding=\"async\" class=\"size-medium wp-image-3910 alignright\" src=\"https:\/\/www.svdeckenpfronn.de\/wp-content\/uploads\/2020\/10\/ralph_bild_div_ohne_hintergrund-234x300.png\" alt=\"\" width=\"234\" height=\"300\" srcset=\"https:\/\/www.svdeckenpfronn.de\/wp-content\/uploads\/2020\/10\/ralph_bild_div_ohne_hintergrund-234x300.png 234w, https:\/\/www.svdeckenpfronn.de\/wp-content\/uploads\/2020\/10\/ralph_bild_div_ohne_hintergrund-768x984.png 768w, https:\/\/www.svdeckenpfronn.de\/wp-content\/uploads\/2020\/10\/ralph_bild_div_ohne_hintergrund-799x1024.png 799w, https:\/\/www.svdeckenpfronn.de\/wp-content\/uploads\/2020\/10\/ralph_bild_div_ohne_hintergrund.png 1595w\" sizes=\"auto, (max-width: 234px) 100vw, 234px\" \/><br \/>\nsehr geehrter Sportfreund,<\/p>\n<p>Sie m\u00f6chten auch Partner und F\u00f6rderer des Sportvereins werden und den aktiven Fu\u00dfball der 1. und 2. Mannschaft, die umfangreiche Jugendarbeit des SVD sowie unsere Inklusionsmannschaft regelm\u00e4\u00dfig unterst\u00fctzen?<\/p>\n<p>Nichts leichter als das \u2013 f\u00fcllen Sie einfach das Formular \u201e<a href=\"https:\/\/www.svdeckenpfronn.de\/wp-content\/uploads\/2022\/07\/svd-foerderverein-partner-werden-v2.pdf\">Partner werden<\/a>!&#8220; aus und schicken es an den Vorstand. Wir setzten uns dann umgehend mit Ihnen in Verbindung.<\/p>\n<p>Wir freuen uns \u00fcber jegliche Unterst\u00fctzung, bereits ab einem j\u00e4hrlichen Zuwendungsbetrag von 400 Euro (Firmen) und 200 Euro (Privatpersonen) erfolgt eine prominente namentliche Nennung auf der Sponsorentafel, im Stadionheft und im Internet.<\/p>\n<p>Eine Spendenbescheinigung erhalten Sie selbstverst\u00e4ndlich automatisch zugeschickt.<\/p>\n<p>Wir sagen vorab schon vielen Dank f\u00fcr Ihre Unterst\u00fctzung.<\/p>\n<p>Ihr F\u00f6rderverein des Sportvereins Deckenpfronn<\/p>\n<p>Ralph S\u00fc\u00dfer<br \/>\n2. Vorstand<\/p>\n<p>PS: Bitte beachten Sie, Ihre Unterst\u00fctzung wird ausschlie\u00dflich f\u00fcr den Spielbetreib der aktiven und der Kinder- bzw. Jugendmannschaften verwendet (wie etwa Trainings- und Sportkleidung, Trainingslager, Punkte-\/Erfolgspr\u00e4mien, Aufwendungen f\u00fcr den Trainingsbetrieb und Betreuung wie etwa Fahrtkosten, etc.).<\/p>\n<p><em><strong>Kontaktdaten f\u00fcr Ihre Anfragen:<\/strong><\/em><\/p>\n<table style=\"border-collapse: collapse; width: 100%;\" border=\"1\">\n<tbody>\n<tr>\n<td style=\"width: 50%;\">Name:<\/td>\n<td style=\"width: 50%;\">Ralph S\u00fc\u00dfer<\/td>\n<\/tr>\n<tr>\n<td style=\"width: 50%;\">Telefon:<\/td>\n<td style=\"width: 50%;\">07056 \/ 9297-10<\/td>\n<\/tr>\n<tr>\n<td style=\"width: 50%;\">e-Mail:<\/td>\n<td style=\"width: 50%;\">ralph@suesser.de<\/td>\n<\/tr>\n<\/tbody>\n<\/table>\n","protected":false},"excerpt":{"rendered":"<p>Sehr geehrter Unternehmer, sehr geehrter Sportfreund, Sie m\u00f6chten auch Partner und F\u00f6rderer des Sportvereins werden und den aktiven Fu\u00dfball der 1. und 2. Mannschaft, die umfangreiche Jugendarbeit des SVD sowie unsere Inklusionsmannschaft regelm\u00e4\u00dfig unterst\u00fctzen? Nichts leichter als das \u2013 f\u00fcllen Sie einfach das Formular \u201ePartner werden!&#8220; aus und schicken es an den Vorstand. Wir setzten &#8230; <a title=\"Partner werden\" class=\"read-more\" href=\"https:\/\/www.svdeckenpfronn.de\/?page_id=482\" aria-label=\"Mehr Informationen \u00fcber Partner werden\">Weiterlesen<\/a><\/p>\n","protected":false},"author":3,"featured_media":0,"parent":0,"menu_order":0,"comment_status":"closed","ping_status":"closed","template":"","meta":{"footnotes":""},"class_list":["post-482","page","type-page","status-publish"],"publishpress_future_action":{"enabled":false,"date":"2026-05-17 13:47:57","action":"change-status","newStatus":"draft","terms":[],"taxonomy":"","extraData":[]},"publishpress_future_workflow_manual_trigger":{"enabledWorkflows":[]},"_links":{"self":[{"href":"https:\/\/www.svdeckenpfronn.de\/index.php?rest_route=\/wp\/v2\/pages\/482","targetHints":{"allow":["GET"]}}],"collection":[{"href":"https:\/\/www.svdeckenpfronn.de\/index.php?rest_route=\/wp\/v2\/pages"}],"about":[{"href":"https:\/\/www.svdeckenpfronn.de\/index.php?rest_route=\/wp\/v2\/types\/page"}],"author":[{"embeddable":true,"href":"https:\/\/www.svdeckenpfronn.de\/index.php?rest_route=\/wp\/v2\/users\/3"}],"replies":[{"embeddable":true,"href":"https:\/\/www.svdeckenpfronn.de\/index.php?rest_route=%2Fwp%2Fv2%2Fcomments&post=482"}],"version-history":[{"count":9,"href":"https:\/\/www.svdeckenpfronn.de\/index.php?rest_route=\/wp\/v2\/pages\/482\/revisions"}],"predecessor-version":[{"id":4331,"href":"https:\/\/www.svdeckenpfronn.de\/index.php?rest_route=\/wp\/v2\/pages\/482\/revisions\/4331"}],"wp:attachment":[{"href":"https:\/\/www.svdeckenpfronn.de\/index.php?rest_route=%2Fwp%2Fv2%2Fmedia&parent=482"}],"curies":[{"name":"wp","href":"https:\/\/api.w.org\/{rel}","templated":true}]}}