{"id":484,"date":"2016-08-26T10:42:13","date_gmt":"2016-08-26T08:42:13","guid":{"rendered":"http:\/\/proto.svdeckenpfronn.de\/?page_id=484"},"modified":"2020-10-30T14:28:50","modified_gmt":"2020-10-30T12:28:50","slug":"sponsorentafel","status":"publish","type":"page","link":"https:\/\/www.svdeckenpfronn.de\/?page_id=484","title":{"rendered":"Sponsorentafel"},"content":{"rendered":"<p>Auf unserer Sponsorentafel sind alle Partner und F\u00f6rderer mit Namen bzw. Firmenlogo vermerkt. Die Tafeln stehen an prominenter Stelle auf dem Sportgel\u00e4nde, so dass jeder Besucher<br \/>\neinen Blick darauf werfen kann.<\/p>\n<p><img loading=\"lazy\" decoding=\"async\" class=\"alignnone wp-image-3912 size-medium\" src=\"https:\/\/www.svdeckenpfronn.de\/wp-content\/uploads\/2020\/10\/sponsorentafel-e1604060915746-225x300.jpg\" alt=\"\" width=\"225\" height=\"300\" srcset=\"https:\/\/www.svdeckenpfronn.de\/wp-content\/uploads\/2020\/10\/sponsorentafel-e1604060915746-225x300.jpg 225w, https:\/\/www.svdeckenpfronn.de\/wp-content\/uploads\/2020\/10\/sponsorentafel-e1604060915746-768x1024.jpg 768w\" sizes=\"auto, (max-width: 225px) 100vw, 225px\" \/><\/p>\n<p>Wenn Sie auch zum Kreis der Partner und F\u00f6rderer geh\u00f6ren m\u00f6chten, sprechen Sie uns einfach an.<\/p>\n","protected":false},"excerpt":{"rendered":"<p>Auf unserer Sponsorentafel sind alle Partner und F\u00f6rderer mit Namen bzw. Firmenlogo vermerkt. Die Tafeln stehen an prominenter Stelle auf dem Sportgel\u00e4nde, so dass jeder Besucher einen Blick darauf werfen kann. Wenn Sie auch zum Kreis der Partner und F\u00f6rderer geh\u00f6ren m\u00f6chten, sprechen Sie uns einfach an.<\/p>\n","protected":false},"author":3,"featured_media":0,"parent":0,"menu_order":0,"comment_status":"closed","ping_status":"closed","template":"","meta":{"footnotes":""},"class_list":["post-484","page","type-page","status-publish"],"publishpress_future_action":{"enabled":false,"date":"2026-05-12 15:19:55","action":"change-status","newStatus":"draft","terms":[],"taxonomy":"","extraData":[]},"publishpress_future_workflow_manual_trigger":{"enabledWorkflows":[]},"_links":{"self":[{"href":"https:\/\/www.svdeckenpfronn.de\/index.php?rest_route=\/wp\/v2\/pages\/484","targetHints":{"allow":["GET"]}}],"collection":[{"href":"https:\/\/www.svdeckenpfronn.de\/index.php?rest_route=\/wp\/v2\/pages"}],"about":[{"href":"https:\/\/www.svdeckenpfronn.de\/index.php?rest_route=\/wp\/v2\/types\/page"}],"author":[{"embeddable":true,"href":"https:\/\/www.svdeckenpfronn.de\/index.php?rest_route=\/wp\/v2\/users\/3"}],"replies":[{"embeddable":true,"href":"https:\/\/www.svdeckenpfronn.de\/index.php?rest_route=%2Fwp%2Fv2%2Fcomments&post=484"}],"version-history":[{"count":5,"href":"https:\/\/www.svdeckenpfronn.de\/index.php?rest_route=\/wp\/v2\/pages\/484\/revisions"}],"predecessor-version":[{"id":3913,"href":"https:\/\/www.svdeckenpfronn.de\/index.php?rest_route=\/wp\/v2\/pages\/484\/revisions\/3913"}],"wp:attachment":[{"href":"https:\/\/www.svdeckenpfronn.de\/index.php?rest_route=%2Fwp%2Fv2%2Fmedia&parent=484"}],"curies":[{"name":"wp","href":"https:\/\/api.w.org\/{rel}","templated":true}]}}