{"id":486,"date":"2016-08-26T10:42:35","date_gmt":"2016-08-26T08:42:35","guid":{"rendered":"http:\/\/proto.svdeckenpfronn.de\/?page_id=486"},"modified":"2022-07-07T17:03:38","modified_gmt":"2022-07-07T15:03:38","slug":"funktionaere-2","status":"publish","type":"page","link":"https:\/\/www.svdeckenpfronn.de\/?page_id=486","title":{"rendered":"Funktion\u00e4re F\u00f6rderverein"},"content":{"rendered":"<table style=\"width: 100%; border-collapse: collapse;\" border=\"0\">\n<tbody>\n<tr>\n<td style=\"width: 50%;\"><\/td>\n<td style=\"width: 50%;\"><\/td>\n<\/tr>\n<tr>\n<td style=\"width: 50%;\">Ihre Funktion\u00e4re des F\u00f6rdervereins Sportverein Deckenpfronn e.V.<\/p>\n<table style=\"width: 303px;\">\n<tbody>\n<tr>\n<td style=\"width: 150px;\"><strong>1. Vorstand<\/strong><\/td>\n<td style=\"width: 197px;\"><strong>Zur Zeit unbesetzt<\/strong><\/td>\n<\/tr>\n<tr>\n<td style=\"width: 150px;\"><strong>2. Vorstand<\/strong><\/td>\n<td style=\"width: 197px;\"><strong>Ralph S\u00fc\u00dfer<\/strong><\/td>\n<\/tr>\n<tr>\n<td style=\"width: 150px;\"><strong>Kassier<\/strong><\/td>\n<td style=\"width: 197px;\"><strong>Bettina Fischer<\/strong><\/td>\n<\/tr>\n<tr>\n<td style=\"width: 150px;\"><strong>Schriftf\u00fchrer<\/strong><\/td>\n<td style=\"width: 197px;\"><strong>Erich H\u00f6pfer<\/strong><\/td>\n<\/tr>\n<tr>\n<td style=\"width: 150px;\">Beisitzer<\/td>\n<td style=\"width: 197px;\">Dieter H\u00f6lzle<\/td>\n<\/tr>\n<tr>\n<td style=\"width: 150px;\">Beisitzer<\/td>\n<td style=\"width: 197px;\">Oliver Schneider<\/td>\n<\/tr>\n<tr>\n<td style=\"width: 150px;\">Beisitzer<\/td>\n<td style=\"width: 197px;\">Bernd Paulus<\/td>\n<\/tr>\n<tr>\n<td style=\"width: 150px;\">Beisitzer<\/td>\n<td style=\"width: 197px;\">Alex Boch<\/td>\n<\/tr>\n<tr>\n<td style=\"width: 150px;\">Beisitzer<\/td>\n<td style=\"width: 197px;\">Erhard Schneider<\/td>\n<\/tr>\n<tr>\n<td style=\"width: 150px;\">Beisitzer<\/td>\n<td style=\"width: 197px;\">Uli Schneider<\/td>\n<\/tr>\n<\/tbody>\n<\/table>\n<p>Stand Sommer 2021<\/td>\n<td style=\"width: 50%;\"><img loading=\"lazy\" decoding=\"async\" class=\"alignnone wp-image-3902 alignright\" src=\"https:\/\/www.svdeckenpfronn.de\/wp-content\/uploads\/2020\/10\/bild-ausschuss-2018-1-300x225.jpg\" alt=\"\" width=\"620\" height=\"465\" srcset=\"https:\/\/www.svdeckenpfronn.de\/wp-content\/uploads\/2020\/10\/bild-ausschuss-2018-1-300x225.jpg 300w, https:\/\/www.svdeckenpfronn.de\/wp-content\/uploads\/2020\/10\/bild-ausschuss-2018-1-768x577.jpg 768w, https:\/\/www.svdeckenpfronn.de\/wp-content\/uploads\/2020\/10\/bild-ausschuss-2018-1-1024x769.jpg 1024w\" sizes=\"auto, (max-width: 620px) 100vw, 620px\" \/><\/td>\n<\/tr>\n<tr>\n<td style=\"width: 50%;\"><\/td>\n<td style=\"width: 50%;\"><\/td>\n<\/tr>\n<\/tbody>\n<\/table>\n","protected":false},"excerpt":{"rendered":"<p>Ihre Funktion\u00e4re des F\u00f6rdervereins Sportverein Deckenpfronn e.V. 1. Vorstand Zur Zeit unbesetzt 2. Vorstand Ralph S\u00fc\u00dfer Kassier Bettina Fischer Schriftf\u00fchrer Erich H\u00f6pfer Beisitzer Dieter H\u00f6lzle Beisitzer Oliver Schneider Beisitzer Bernd Paulus Beisitzer Alex Boch Beisitzer Erhard Schneider Beisitzer Uli Schneider Stand Sommer 2021<\/p>\n","protected":false},"author":3,"featured_media":0,"parent":0,"menu_order":0,"comment_status":"closed","ping_status":"closed","template":"","meta":{"footnotes":""},"class_list":["post-486","page","type-page","status-publish"],"publishpress_future_action":{"enabled":false,"date":"2026-05-24 05:55:47","action":"change-status","newStatus":"draft","terms":[],"taxonomy":"","extraData":[]},"publishpress_future_workflow_manual_trigger":{"enabledWorkflows":[]},"_links":{"self":[{"href":"https:\/\/www.svdeckenpfronn.de\/index.php?rest_route=\/wp\/v2\/pages\/486","targetHints":{"allow":["GET"]}}],"collection":[{"href":"https:\/\/www.svdeckenpfronn.de\/index.php?rest_route=\/wp\/v2\/pages"}],"about":[{"href":"https:\/\/www.svdeckenpfronn.de\/index.php?rest_route=\/wp\/v2\/types\/page"}],"author":[{"embeddable":true,"href":"https:\/\/www.svdeckenpfronn.de\/index.php?rest_route=\/wp\/v2\/users\/3"}],"replies":[{"embeddable":true,"href":"https:\/\/www.svdeckenpfronn.de\/index.php?rest_route=%2Fwp%2Fv2%2Fcomments&post=486"}],"version-history":[{"count":9,"href":"https:\/\/www.svdeckenpfronn.de\/index.php?rest_route=\/wp\/v2\/pages\/486\/revisions"}],"predecessor-version":[{"id":4338,"href":"https:\/\/www.svdeckenpfronn.de\/index.php?rest_route=\/wp\/v2\/pages\/486\/revisions\/4338"}],"wp:attachment":[{"href":"https:\/\/www.svdeckenpfronn.de\/index.php?rest_route=%2Fwp%2Fv2%2Fmedia&parent=486"}],"curies":[{"name":"wp","href":"https:\/\/api.w.org\/{rel}","templated":true}]}}