{"id":5013,"date":"2024-07-23T17:59:00","date_gmt":"2024-07-23T15:59:00","guid":{"rendered":"https:\/\/www.svdeckenpfronn.de\/?page_id=5013"},"modified":"2024-07-23T18:15:37","modified_gmt":"2024-07-23T16:15:37","slug":"archiv-2023-24","status":"publish","type":"page","link":"https:\/\/www.svdeckenpfronn.de\/?page_id=5013","title":{"rendered":"Archiv 2023\/24"},"content":{"rendered":"\n\n\n<h3>R\u00fcckblick auf die Saison 2023\/24<\/h3>\n<div class=\"cust-archive\">\n<div class=\"cust-archive-teams\">\n<p>Unsere Mannschaften von einst im \u00dcberblick<\/p>\n<p>\u00a0<\/p>\n<p>\u00a0 \u00a0 \u00a0 \u00a0 \u00a0 \u00a0 \u00a0 \u00a0 \u00a0 \u00a0 \u00a0 \u00a0 <a href=\"https:\/\/www.svdeckenpfronn.de\/?cat=106\" target=\"_blank\" rel=\"noopener\">1. Mannschaft \u00a0<\/a>\u00a0 \u00a0 \u00a0 \u00a0 \u00a0 \u00a0 \u00a0 \u00a0 \u00a0 \u00a0 \u00a0 \u00a0 \u00a0 \u00a0 \u00a0 \u00a0 \u00a0 \u00a0 \u00a0 \u00a0 \u00a0 \u00a0 \u00a0<a href=\"https:\/\/www.svdeckenpfronn.de\/?cat=107\" target=\"_blank\" rel=\"noopener\">2.Mannschaft<\/a><\/p>\n<p><a href=\"https:\/\/www.svdeckenpfronn.de\/?attachment_id=4770#main\" rel=\"attachment wp-att-4770\"><img loading=\"lazy\" decoding=\"async\" class=\"alignnone size-medium wp-image-4770\" src=\"https:\/\/www.svdeckenpfronn.de\/wp-content\/uploads\/2023\/08\/01_Mannschaft-ohne-Lefty-300x214.jpg\" alt=\"\" width=\"300\" height=\"214\" srcset=\"https:\/\/www.svdeckenpfronn.de\/wp-content\/uploads\/2023\/08\/01_Mannschaft-ohne-Lefty-300x214.jpg 300w, https:\/\/www.svdeckenpfronn.de\/wp-content\/uploads\/2023\/08\/01_Mannschaft-ohne-Lefty-1024x729.jpg 1024w, https:\/\/www.svdeckenpfronn.de\/wp-content\/uploads\/2023\/08\/01_Mannschaft-ohne-Lefty-768x547.jpg 768w, https:\/\/www.svdeckenpfronn.de\/wp-content\/uploads\/2023\/08\/01_Mannschaft-ohne-Lefty-1536x1093.jpg 1536w, https:\/\/www.svdeckenpfronn.de\/wp-content\/uploads\/2023\/08\/01_Mannschaft-ohne-Lefty-2048x1458.jpg 2048w\" sizes=\"auto, (max-width: 300px) 100vw, 300px\" \/><\/a><a href=\"https:\/\/www.svdeckenpfronn.de\/?attachment_id=4773#main\" rel=\"attachment wp-att-4773\"><img loading=\"lazy\" decoding=\"async\" class=\"alignnone size-medium wp-image-4773\" src=\"https:\/\/www.svdeckenpfronn.de\/wp-content\/uploads\/2023\/08\/2.-Mannschaft-300x225.jpg\" alt=\"\" width=\"300\" height=\"225\" srcset=\"https:\/\/www.svdeckenpfronn.de\/wp-content\/uploads\/2023\/08\/2.-Mannschaft-300x225.jpg 300w, https:\/\/www.svdeckenpfronn.de\/wp-content\/uploads\/2023\/08\/2.-Mannschaft-1024x769.jpg 1024w, https:\/\/www.svdeckenpfronn.de\/wp-content\/uploads\/2023\/08\/2.-Mannschaft-768x577.jpg 768w, https:\/\/www.svdeckenpfronn.de\/wp-content\/uploads\/2023\/08\/2.-Mannschaft.jpg 1148w\" sizes=\"auto, (max-width: 300px) 100vw, 300px\" \/><\/a><\/p>\n<p>\u00a0 \u00a0 \u00a0 \u00a0 \u00a0 \u00a0 \u00a0 \u00a0 \u00a0 \u00a0 \u00a0 \u00a0 \u00a0 \u00a0<a href=\"https:\/\/www.svdeckenpfronn.de\/?cat=108\" target=\"_blank\" rel=\"noopener\">Volleyball<\/a>\u00a0 \u00a0 \u00a0 \u00a0 \u00a0 \u00a0 \u00a0 \u00a0 \u00a0 \u00a0 \u00a0 \u00a0 \u00a0 \u00a0 \u00a0 \u00a0 \u00a0 \u00a0 \u00a0 \u00a0 \u00a0 \u00a0 \u00a0 \u00a0 \u00a0 \u00a0<\/p>\n<p><a href=\"https:\/\/www.svdeckenpfronn.de\/?attachment_id=4943#main\" rel=\"attachment wp-att-4943\"><img loading=\"lazy\" decoding=\"async\" class=\"size-medium wp-image-4943\" src=\"https:\/\/www.svdeckenpfronn.de\/wp-content\/uploads\/2024\/03\/SG-Gaeu-2-24-03-2024-300x252.jpg\" alt=\"Das Team der SG G\u00e4u am letzten Spieltag (von links): Stephan Stock (TSV G\u00e4rtringen), Hajo Zeiss (SVD), Edi Rosenfelder (nach der Ehrung f\u00fcr 40 Jahre Mitgliedschaft im SVD), Klaus Dongus (SVD), Elias Reger (VfL Stammheim), Georg Titel (SVD).\" width=\"300\" height=\"252\" srcset=\"https:\/\/www.svdeckenpfronn.de\/wp-content\/uploads\/2024\/03\/SG-Gaeu-2-24-03-2024-300x252.jpg 300w, https:\/\/www.svdeckenpfronn.de\/wp-content\/uploads\/2024\/03\/SG-Gaeu-2-24-03-2024-1024x860.jpg 1024w, https:\/\/www.svdeckenpfronn.de\/wp-content\/uploads\/2024\/03\/SG-Gaeu-2-24-03-2024-768x645.jpg 768w, https:\/\/www.svdeckenpfronn.de\/wp-content\/uploads\/2024\/03\/SG-Gaeu-2-24-03-2024-1536x1290.jpg 1536w, https:\/\/www.svdeckenpfronn.de\/wp-content\/uploads\/2024\/03\/SG-Gaeu-2-24-03-2024-2048x1719.jpg 2048w\" sizes=\"auto, (max-width: 300px) 100vw, 300px\" \/><\/a><\/p>\n<\/div>\n<\/div>\n<p>\u00a0<\/p>\n<div class=\"cust-archive\">\n<div class=\"cust-archive-teams\">\n<p>\u00a0 \u00a0 \u00a0 \u00a0 \u00a0 \u00a0 <a href=\"https:\/\/www.svdeckenpfronn.de\/?cat=109\" target=\"_blank\" rel=\"noopener\">\u00a0Inklusionsmannschaft<\/a><\/p>\n<p><a href=\"https:\/\/www.svdeckenpfronn.de\/?attachment_id=4702#main\" rel=\"attachment wp-att-4702\"><img loading=\"lazy\" decoding=\"async\" class=\"alignnone size-medium wp-image-4702\" src=\"https:\/\/www.svdeckenpfronn.de\/wp-content\/uploads\/2023\/06\/Bild-Inklu-neu-neu-300x162.jpg\" alt=\"\" width=\"300\" height=\"162\" srcset=\"https:\/\/www.svdeckenpfronn.de\/wp-content\/uploads\/2023\/06\/Bild-Inklu-neu-neu-300x162.jpg 300w, https:\/\/www.svdeckenpfronn.de\/wp-content\/uploads\/2023\/06\/Bild-Inklu-neu-neu.jpg 640w\" sizes=\"auto, (max-width: 300px) 100vw, 300px\" \/><\/a><\/p>\n<\/div>\n<\/div>\n","protected":false},"excerpt":{"rendered":"<p>R\u00fcckblick auf die Saison 2023\/24 Unsere Mannschaften von einst im \u00dcberblick \u00a0 \u00a0 \u00a0 \u00a0 \u00a0 \u00a0 \u00a0 \u00a0 \u00a0 \u00a0 \u00a0 \u00a0 \u00a0 1. Mannschaft \u00a0\u00a0 \u00a0 \u00a0 \u00a0 \u00a0 \u00a0 \u00a0 \u00a0 \u00a0 \u00a0 \u00a0 \u00a0 \u00a0 \u00a0 \u00a0 \u00a0 \u00a0 \u00a0 \u00a0 \u00a0 \u00a0 \u00a0 \u00a02.Mannschaft \u00a0 \u00a0 \u00a0 \u00a0 \u00a0 \u00a0 &#8230; <a title=\"Archiv 2023\/24\" class=\"read-more\" href=\"https:\/\/www.svdeckenpfronn.de\/?page_id=5013\" aria-label=\"Mehr Informationen \u00fcber Archiv 2023\/24\">Weiterlesen<\/a><\/p>\n","protected":false},"author":5,"featured_media":0,"parent":0,"menu_order":0,"comment_status":"closed","ping_status":"closed","template":"","meta":{"footnotes":""},"class_list":["post-5013","page","type-page","status-publish"],"publishpress_future_action":{"enabled":false,"date":"2026-04-23 16:01:41","action":"change-status","newStatus":"draft","terms":[],"taxonomy":"","extraData":[]},"publishpress_future_workflow_manual_trigger":{"enabledWorkflows":[]},"_links":{"self":[{"href":"https:\/\/www.svdeckenpfronn.de\/index.php?rest_route=\/wp\/v2\/pages\/5013","targetHints":{"allow":["GET"]}}],"collection":[{"href":"https:\/\/www.svdeckenpfronn.de\/index.php?rest_route=\/wp\/v2\/pages"}],"about":[{"href":"https:\/\/www.svdeckenpfronn.de\/index.php?rest_route=\/wp\/v2\/types\/page"}],"author":[{"embeddable":true,"href":"https:\/\/www.svdeckenpfronn.de\/index.php?rest_route=\/wp\/v2\/users\/5"}],"replies":[{"embeddable":true,"href":"https:\/\/www.svdeckenpfronn.de\/index.php?rest_route=%2Fwp%2Fv2%2Fcomments&post=5013"}],"version-history":[{"count":7,"href":"https:\/\/www.svdeckenpfronn.de\/index.php?rest_route=\/wp\/v2\/pages\/5013\/revisions"}],"predecessor-version":[{"id":5026,"href":"https:\/\/www.svdeckenpfronn.de\/index.php?rest_route=\/wp\/v2\/pages\/5013\/revisions\/5026"}],"wp:attachment":[{"href":"https:\/\/www.svdeckenpfronn.de\/index.php?rest_route=%2Fwp%2Fv2%2Fmedia&parent=5013"}],"curies":[{"name":"wp","href":"https:\/\/api.w.org\/{rel}","templated":true}]}}