{"id":592,"date":"2016-08-30T20:12:43","date_gmt":"2016-08-30T18:12:43","guid":{"rendered":"http:\/\/proto.svdeckenpfronn.de\/?page_id=592"},"modified":"2016-08-30T20:16:42","modified_gmt":"2016-08-30T18:16:42","slug":"tt-links","status":"publish","type":"page","link":"https:\/\/www.svdeckenpfronn.de\/?page_id=592","title":{"rendered":"TT Links"},"content":{"rendered":"<table border=\"0\" cellspacing=\"0\" cellpadding=\"0\">\n<tbody>\n<tr>\n<td class=\"xl66\" width=\"420\" height=\"20\"><a href=\"http:\/\/www.ttvwh.de\/\" target=\"_blank\">TTVWH &#8211; Tischtennis Verband W\u00fcrttemberg Hohenzollern<\/a><\/td>\n<\/tr>\n<tr>\n<td class=\"xl65\" height=\"25\"><a href=\"http:\/\/www.tischtennis.de\/aktuelles\/\" target=\"_blank\">DTTB &#8211; Deutscher Tischtennis Bund<\/a><\/td>\n<\/tr>\n<tr>\n<td class=\"xl66\" height=\"25\"><a href=\"http:\/\/ttvwh.click-tt.de\/\" target=\"_blank\">click-TT W\u00fcrttemberg-Hohenzollern<\/a><\/td>\n<\/tr>\n<tr>\n<td class=\"xl65\" height=\"20\"><a href=\"http:\/\/www.ettu.org\/\" target=\"_blank\">ETTU &#8211; Europ\u00e4ische Tischtennis Union<\/a><\/td>\n<\/tr>\n<tr>\n<td class=\"xl66\" height=\"20\"><a href=\"http:\/\/www.ittf.com\/\" target=\"_blank\">ITTF &#8211; Internationale Tischtennis F\u00f6deration<\/a><\/td>\n<\/tr>\n<tr>\n<td class=\"xl65\" height=\"20\"><a href=\"http:\/\/www.tt-action.de\/\" target=\"_blank\">TT-Action-Videos<\/a><\/td>\n<\/tr>\n<\/tbody>\n<\/table>\n<div class=\"item-separator\"><\/div>\n","protected":false},"excerpt":{"rendered":"<p>TTVWH &#8211; Tischtennis Verband W\u00fcrttemberg Hohenzollern DTTB &#8211; Deutscher Tischtennis Bund click-TT W\u00fcrttemberg-Hohenzollern ETTU &#8211; Europ\u00e4ische Tischtennis Union ITTF &#8211; Internationale Tischtennis F\u00f6deration TT-Action-Videos<\/p>\n","protected":false},"author":5,"featured_media":0,"parent":0,"menu_order":0,"comment_status":"closed","ping_status":"closed","template":"","meta":{"footnotes":""},"class_list":["post-592","page","type-page","status-publish"],"publishpress_future_action":{"enabled":false,"date":"2026-04-22 00:19:50","action":"change-status","newStatus":"draft","terms":[],"taxonomy":"","extraData":[]},"publishpress_future_workflow_manual_trigger":{"enabledWorkflows":[]},"_links":{"self":[{"href":"https:\/\/www.svdeckenpfronn.de\/index.php?rest_route=\/wp\/v2\/pages\/592","targetHints":{"allow":["GET"]}}],"collection":[{"href":"https:\/\/www.svdeckenpfronn.de\/index.php?rest_route=\/wp\/v2\/pages"}],"about":[{"href":"https:\/\/www.svdeckenpfronn.de\/index.php?rest_route=\/wp\/v2\/types\/page"}],"author":[{"embeddable":true,"href":"https:\/\/www.svdeckenpfronn.de\/index.php?rest_route=\/wp\/v2\/users\/5"}],"replies":[{"embeddable":true,"href":"https:\/\/www.svdeckenpfronn.de\/index.php?rest_route=%2Fwp%2Fv2%2Fcomments&post=592"}],"version-history":[{"count":2,"href":"https:\/\/www.svdeckenpfronn.de\/index.php?rest_route=\/wp\/v2\/pages\/592\/revisions"}],"predecessor-version":[{"id":595,"href":"https:\/\/www.svdeckenpfronn.de\/index.php?rest_route=\/wp\/v2\/pages\/592\/revisions\/595"}],"wp:attachment":[{"href":"https:\/\/www.svdeckenpfronn.de\/index.php?rest_route=%2Fwp%2Fv2%2Fmedia&parent=592"}],"curies":[{"name":"wp","href":"https:\/\/api.w.org\/{rel}","templated":true}]}}