{"id":6,"date":"2016-06-20T22:04:51","date_gmt":"2016-06-20T20:04:51","guid":{"rendered":"http:\/\/proto.svdeckenpfronn.de\/?page_id=6"},"modified":"2025-08-15T21:35:10","modified_gmt":"2025-08-15T19:35:10","slug":"fussball","status":"publish","type":"page","link":"https:\/\/www.svdeckenpfronn.de\/?page_id=6","title":{"rendered":"Fu\u00dfball"},"content":{"rendered":"\n<h2 class=\"wp-block-heading\">Gru\u00dfwort Abteilungsleitung<\/h2>\n\n\n\n<p><strong><em>Sehr geehrte G\u00e4ste,<\/em><\/strong><\/p>\n<p><strong><em>Liebe SVD-Fans, Freunde und Partner,<\/em><\/strong><\/p>\n<p>Wir hei\u00dfen Sie alle im\u00a0<strong>\u201eH&amp;B Fu\u00dfballzentrum\u201c<\/strong>\u00a0in Deckenpfronn sehr herzlich Willkommen.<\/p>\n<p>Ein besonderer Gru\u00df gilt allen Schiedsrichterinnen und Schiedsrichtern. Ohne Sie w\u00e4re unser Sport nicht m\u00f6glich und wir w\u00fcnschen stets eine gl\u00fcckliche Hand bei jeder noch so schwierigen Entscheidung.<br \/>Ebenso herzlich hei\u00dfen wir alle Gastmannschaften aus der Bezirksliga und der Kreisliga B Willkommen.<\/p>\n<p>Nachdem die vergangene Bezirksliga-Saison ganz im Zeichen des Umbruchs stand, sind wir mit Tabellenplatz 4 am Ende sehr zufrieden. Einige neue Gesichter mussten integriert werden und in der neuen Liga mit vielen neuen Gegnern ging es darum sich erstmal einzuordnen. F\u00fcr die Saison 25\/26 gibt SVD-Trainer Alex Thies aus, die Mannschaft spielerisch weiterzuentwickeln und die starke R\u00fcckrunde der Vorsaison zu best\u00e4tigen.<\/p>\n<p>Dabei nicht mehr im SVD-Trikot sehen werden wir nach nur einer Saison Leon Stickel &amp; Michael Heldmayer (beide zur\u00fcck zum VfL Stammheim), Daniil Kurkov (unbekannt), sowie Michael Sterle (SpVgg Holzgerlingen) und Tom Prokein (TSV Jahn B\u00fcsnau). Ebenfalls verlassen hat uns nach zwei Spielzeiten Jan Modjesch (TSV Hildrizhausen). Zudem verlieren wir mit Marco V\u00f6ller einen stets engagierten Spieler, der mit zwei Bezirkspokalsiegen (2020 &amp; 2022), dem Titel in der Bezirksliga 2022 sowie der Meisterschaft mit dem SVD II in der Saison 23\/24 einige Erfolge im SVD-Trikot feiern konnte. Er m\u00f6chte bei seinem Heimatverein, unseren Nachbarn vom SV Oberjesingen, zum Wiederaufstieg mithelfen, damit wir vielleicht schon n\u00e4chste Saison wieder ein Derby gegeneinander spielen d\u00fcrfen.<\/p>\n<p>Einen weiteren Abgang gibt es an der Seitenlinie zu verkraften. Drei Jahre lang war Rolf \u00d6sterlen als Mannschaftsbetreuer zur Stelle, wenn es kleinere Wehwehchen gab. Der 62-j\u00e4hrige hat sein Engagement beendet und wird von Ronny Reifenstein beerbt.<\/p>\n<p><strong>Allen ehemaligen SVD\u2019lern w\u00fcnschen wir f\u00fcr die Zukunft alles Gute!\u00a0<\/strong><\/p>\n<p>Bereits im Winter konnten wir mit Alexander Wetsch einen namhaften Neuzugang begr\u00fc\u00dfen, der gemeinsam mit unserem langj\u00e4hrigen Spieler Timo Schwarz ab dieser Saison die Rolle des spielenden Co-Trainers innehaben wird. Im Sommer 2025 kommen mit Torwart Lars Pfeiffer &amp; Mert Cakmak (VfL Sindelfingen), Filip Furac (FC G\u00e4rtringen), Niklas Kincer (Spvgg Holzgerlingen), Angelos Zervas (zuletzt TSV Dagersheim) und Yannick Yalcin (VfL Nagold A-Jugend) sechs Neuzug\u00e4nge zum Kader der ersten Mannschaft dazu.<\/p>\n<p>Aus unserer A-Jugend sto\u00dfen mit Leander Roth und Torwart Max Wacker zwei Talente zu den Aktiven, die durch ihre \u00e4lteren Br\u00fcder bereits gut \u00fcber die Abl\u00e4ufe beim SVD Bescheid wissen sollten. Ohne gro\u00dfen Bruder, daf\u00fcr seine gesamte Jugend f\u00fcr den SVD gespielt hat zudem Laurin Geiger, der das Zugangs-Trio aus der eigenen U19 komplettiert.<\/p>\n<p>Ob es f\u00fcr die drei zu regelm\u00e4\u00dfigen Eins\u00e4tzen in der Bezirksliga reicht, wird sich zeigen. Wenn nicht freut sich das Team des SVD II um unseren neuen Spielertrainer Timo Braun (kommt vom VfL Oberjettingen) auf die drei. Er m\u00f6chte gemeinsam mit Patrick Wolf, der weiterhin Spielertrainer bleibt, die vergangene Saison in der Kreisliga A schnellstm\u00f6glich vergessen machen. Mit mickrigen drei Punkten war die letzte Saison in der Kreisliga A nicht mehr als ein Kurzausflug f\u00fcr die SVD-Zweite. Jetzt geht es in der Kreisliga B wieder um Punkte. \u201eEin direkter Wiederaufstieg w\u00e4re nat\u00fcrlich gro\u00dfartig, aber wir werden erstmal kleine Br\u00f6tchen backen und schauen zu was es reicht\u201c, sagt Patrick Wolf, der sich verhaltenen optimistisch zeigt. Der SVD II erh\u00e4lt mit Manuel Neubert vom TSV Wildberg noch eine externe Verst\u00e4rkung, der sich ebenfalls um die Trainingsgestaltung k\u00fcmmern wird. Zudem st\u00f6\u00dft der vereinslose Andr\u00e9 Lehmann zum Team.\u00a0<\/p>\n<p>Unsere Inklusionsmannschaft SV Deckenpfronn 3 wird von Patrick Schwarz und Klaus Greiner trainiert. Die SVD Inklusionsmannschaft ist ein gemeinsames und offenes Projekt der GWW (Gemeinn\u00fctzige Werkst\u00e4tten und Wohnst\u00e4tten GmbH) in Zusammenarbeit mit dem SV Deckenpfronn und dem Maria-von-Linden Gymnasium Calw. Dass die regelm\u00e4\u00dfigen Trainingseinheiten an denen ca. 25 Spielerinnen &amp; Spieler teilnehmen, zum Erfolg f\u00fchren, ist hinl\u00e4nglich bekannt. 2023 &amp; 2024 wurde jeweils die baden-w\u00fcrttembergischen Unified-Meisterschaft gewonnen. Im Oktober 2025 steht nun die erneute Titelverteidigung auf dem Plan. In der abgelaufenen Hallenrunde reichte es landesweit in \u201enur\u201c zum dritten Platz. \u201eDa ist noch ein bisschen Luft nach oben\u201c, sagt Coach Patrick Schwarz. Beim allj\u00e4hrlichen Sommerturnier des SV Vollmaringen stand man mit den Pl\u00e4tzen zwei und drei ebenfalls auf dem Treppchen.<\/p>\n<p>Nebst dem sportlichen kommt der kameradschaftliche Teil nicht zu kurz und der SVD 3 ist voll und ganz im Verein integriert.<\/p>\n<p>Wir m\u00f6chten in diesem Gru\u00dfwort einen gro\u00dfen Dank an alle aussprechen, die sich auf und neben dem Platz f\u00fcr den SVD einbringen. Was wir alle ehrenamtlich f\u00fcr den Fu\u00dfballsport in Deckenpfronn leisten, ist dem gro\u00dfartigen Engagement eines jeden einzelnen zu verdanken und wir k\u00f6nnen stolz auf unsere Gemeinschaft sein!<\/p>\n<p>Vielen Dank an alle Ehrenamtlichen!<\/p>\n<p>Zum Abschluss freuen wir uns auf packende Spiele, viele (Derby-)Siege und eine erfolgreiche Saison f\u00fcr unseren SVD. Wir w\u00fcnschen, dass alle Spieler verletzungsfrei bleiben und Fairness und Respekt im\u00a0<strong>\u201eH&amp;B Fu\u00dfballzentrum\u201c\u00a0<\/strong>gelebt werden.<\/p>\n<p><em>Gr\u00fcn-Wei\u00dfe Gr\u00fc\u00dfe<\/em><\/p>\n<p><em>Ihre Fu\u00dfballabteilung des SV Deckenpfronn<\/em><\/p>\n","protected":false},"excerpt":{"rendered":"<p>Gru\u00dfwort Abteilungsleitung Sehr geehrte G\u00e4ste, Liebe SVD-Fans, Freunde und Partner, Wir hei\u00dfen Sie alle im\u00a0\u201eH&amp;B Fu\u00dfballzentrum\u201c\u00a0in Deckenpfronn sehr herzlich Willkommen. Ein besonderer Gru\u00df gilt allen Schiedsrichterinnen und Schiedsrichtern. Ohne Sie w\u00e4re unser Sport nicht m\u00f6glich und wir w\u00fcnschen stets eine gl\u00fcckliche Hand bei jeder noch so schwierigen Entscheidung.Ebenso herzlich hei\u00dfen wir alle Gastmannschaften aus der &#8230; <a title=\"Fu\u00dfball\" class=\"read-more\" href=\"https:\/\/www.svdeckenpfronn.de\/?page_id=6\" aria-label=\"Mehr Informationen \u00fcber Fu\u00dfball\">Weiterlesen<\/a><\/p>\n","protected":false},"author":24,"featured_media":5465,"parent":0,"menu_order":0,"comment_status":"closed","ping_status":"closed","template":"","meta":{"footnotes":""},"class_list":["post-6","page","type-page","status-publish","has-post-thumbnail"],"publishpress_future_action":{"enabled":false,"date":"2026-04-23 15:46:53","action":"change-status","newStatus":"draft","terms":[],"taxonomy":"","extraData":[]},"publishpress_future_workflow_manual_trigger":{"enabledWorkflows":[]},"_links":{"self":[{"href":"https:\/\/www.svdeckenpfronn.de\/index.php?rest_route=\/wp\/v2\/pages\/6","targetHints":{"allow":["GET"]}}],"collection":[{"href":"https:\/\/www.svdeckenpfronn.de\/index.php?rest_route=\/wp\/v2\/pages"}],"about":[{"href":"https:\/\/www.svdeckenpfronn.de\/index.php?rest_route=\/wp\/v2\/types\/page"}],"author":[{"embeddable":true,"href":"https:\/\/www.svdeckenpfronn.de\/index.php?rest_route=\/wp\/v2\/users\/24"}],"replies":[{"embeddable":true,"href":"https:\/\/www.svdeckenpfronn.de\/index.php?rest_route=%2Fwp%2Fv2%2Fcomments&post=6"}],"version-history":[{"count":33,"href":"https:\/\/www.svdeckenpfronn.de\/index.php?rest_route=\/wp\/v2\/pages\/6\/revisions"}],"predecessor-version":[{"id":5476,"href":"https:\/\/www.svdeckenpfronn.de\/index.php?rest_route=\/wp\/v2\/pages\/6\/revisions\/5476"}],"wp:featuredmedia":[{"embeddable":true,"href":"https:\/\/www.svdeckenpfronn.de\/index.php?rest_route=\/wp\/v2\/media\/5465"}],"wp:attachment":[{"href":"https:\/\/www.svdeckenpfronn.de\/index.php?rest_route=%2Fwp%2Fv2%2Fmedia&parent=6"}],"curies":[{"name":"wp","href":"https:\/\/api.w.org\/{rel}","templated":true}]}}