{"id":717,"date":"2016-09-19T21:31:22","date_gmt":"2016-09-19T19:31:22","guid":{"rendered":"http:\/\/proto.svdeckenpfronn.de\/?page_id=717"},"modified":"2026-03-17T13:47:44","modified_gmt":"2026-03-17T11:47:44","slug":"inklusionsmannschaft-2","status":"publish","type":"page","link":"https:\/\/www.svdeckenpfronn.de\/?page_id=717","title":{"rendered":"Inklusionsmannschaft"},"content":{"rendered":"<p><span style=\"color: #000000; font-family: Calibri;\">Die von Patrick Schwarz und Klaus Greiner trainierte Inklusionsmannschaft startet unter SV Deckenpfronn 3 und entstand in Zusammenarbeit des SV Deckenpfronn, der GWW \u2013Gemeinn\u00fctzige Werkst\u00e4tten und Wohnst\u00e4tten GmbH und des Maria von Linden Gymnasiums Calw.<\/span><\/p>\n<p><span style=\"color: #000000; font-family: Calibri;\">Ziel der Kooperation ist die Inklusion und Weiterentwicklung des GWW-Fu\u00dfballs sowie die Teilhabe am gesellschaftlichen Vereinsleben aktiv voran zu treiben.<\/span><\/p>\n<p><span style=\"color: #000000; font-family: Calibri;\">Die Kooperation orientiert sich am Projekt BISON \u2013\u201eBaden-W\u00fcrttemberg inkludiert Sportler ohne Norm\u201c- des Landes Baden-W\u00fcrttemberg<\/span><\/p>\n<h4>Aktuelles und Berichte der Inklusionsmannschaft finden Sie <a href=\"http:\/\/svdeckenpfronn.de\/?cat=20\">hier<\/a><\/h4>\n<table width=\"503\">\n<tbody>\n<tr>\n<td width=\"39\">Jahr<\/td>\n<td width=\"464\">Ereignis<\/td>\n<\/tr>\n<tr>\n<td width=\"39\">2016<\/td>\n<td width=\"464\">Gr\u00fcndung des SV Deckenpfronn III<\/td>\n<\/tr>\n<tr>\n<td width=\"39\">2016<\/td>\n<td width=\"464\">Platz 2 bei der Baden-W\u00fcrttembergischen Unified-Meisterschaft<\/td>\n<\/tr>\n<tr>\n<td width=\"39\">2016<\/td>\n<td width=\"464\">Platz 6 bei den Special Olympics National Games in Hannover<\/td>\n<\/tr>\n<tr>\n<td width=\"39\">2016<\/td>\n<td width=\"464\">Sieger der Sportkreisvergleichswettk\u00e4mpfe in Baiersbronn<\/td>\n<\/tr>\n<tr>\n<td width=\"39\">2017<\/td>\n<td width=\"464\">Platz 2 bei der Baden-W\u00fcrttembergischen Unified-Meisterschaft<\/td>\n<\/tr>\n<tr>\n<td width=\"39\">2017<\/td>\n<td width=\"464\">Sieger der Sportkreisvergleichswettk\u00e4mpfe in Vollmaringen<\/td>\n<\/tr>\n<tr>\n<td width=\"39\">2018<\/td>\n<td width=\"464\">Platz 5 bei den Special Olympics National Games in Kiel<\/td>\n<\/tr>\n<tr>\n<td width=\"39\">2019<\/td>\n<td width=\"464\">Sieger der Baden-W\u00fcrttembergischen Tradtionell-Meisterschaft<\/td>\n<\/tr>\n<tr>\n<td width=\"39\">2019<\/td>\n<td width=\"464\">13. Platz bei der Deutschen Meisterschaft in Duisburg<\/td>\n<\/tr>\n<tr>\n<td width=\"39\">2021<\/td>\n<td width=\"464\">Sieger der Sportkreisvergleichswettk\u00e4mpfe in Dobel<\/td>\n<\/tr>\n<tr>\n<td width=\"39\">2022<\/td>\n<td width=\"464\">Platz 5 bei den Special Olympics National Games in Berlin<\/td>\n<\/tr>\n<tr>\n<td width=\"39\">2022<\/td>\n<td width=\"464\">Platz 2 &amp; 3 bei der Baden-W\u00fcrttembergischen Unified-Meisterschaft<\/td>\n<\/tr>\n<tr>\n<td width=\"39\">2023<\/td>\n<td width=\"464\">2. Platz bei den BW-Meisterschaften<\/td>\n<\/tr>\n<tr>\n<td width=\"39\">2023<\/td>\n<td width=\"464\">Platz 1 &amp; 3 bei der Baden-W\u00fcrttembergischen Unified-Meisterschaft<\/td>\n<\/tr>\n<tr>\n<td width=\"39\">2024<\/td>\n<td width=\"464\">2. Platz bei den Baden-W\u00fcrttembergischen Meisterschaften<\/td>\n<\/tr>\n<tr>\n<td width=\"39\">2024<\/td>\n<td width=\"464\">Doppelter Turniersieg beim Unified Cup 2024 in Hoffenheim<\/td>\n<\/tr>\n<tr>\n<td width=\"39\">2025<\/td>\n<td width=\"464\">3. Platz bei den Hallenmeisterschaften Baden-W\u00fcrttemberg<\/td>\n<\/tr>\n<tr>\n<td width=\"39\">2025<\/td>\n<td width=\"464\">Erneut Doppelter Turniersieg beim Unified Cup 2024 in Hoffenheim<\/td>\n<\/tr>\n<\/tbody>\n<\/table>\n<h4>\u00a0<\/h4>\n\n\n<div class=\"wp-block-group\"><div class=\"wp-block-group__inner-container is-layout-constrained wp-block-group-is-layout-constrained\">\n<div class=\"wp-block-columns is-layout-flex wp-container-core-columns-is-layout-9d6595d7 wp-block-columns-is-layout-flex\">\n<div class=\"wp-block-column is-layout-flow wp-block-column-is-layout-flow\" style=\"flex-basis:100%\"><\/div>\n<\/div>\n<\/div><\/div>\n","protected":false},"excerpt":{"rendered":"<p>Die von Patrick Schwarz und Klaus Greiner trainierte Inklusionsmannschaft startet unter SV Deckenpfronn 3 und entstand in Zusammenarbeit des SV Deckenpfronn, der GWW \u2013Gemeinn\u00fctzige Werkst\u00e4tten und Wohnst\u00e4tten GmbH und des Maria von Linden Gymnasiums Calw. Ziel der Kooperation ist die Inklusion und Weiterentwicklung des GWW-Fu\u00dfballs sowie die Teilhabe am gesellschaftlichen Vereinsleben aktiv voran zu treiben. &#8230; <a title=\"Inklusionsmannschaft\" class=\"read-more\" href=\"https:\/\/www.svdeckenpfronn.de\/?page_id=717\" aria-label=\"Mehr Informationen \u00fcber Inklusionsmannschaft\">Weiterlesen<\/a><\/p>\n","protected":false},"author":5,"featured_media":5577,"parent":0,"menu_order":0,"comment_status":"closed","ping_status":"closed","template":"","meta":{"footnotes":""},"class_list":["post-717","page","type-page","status-publish","has-post-thumbnail"],"publishpress_future_action":{"enabled":false,"date":"2026-05-01 00:05:51","action":"change-status","newStatus":"draft","terms":[],"taxonomy":"","extraData":[]},"publishpress_future_workflow_manual_trigger":{"enabledWorkflows":[]},"_links":{"self":[{"href":"https:\/\/www.svdeckenpfronn.de\/index.php?rest_route=\/wp\/v2\/pages\/717","targetHints":{"allow":["GET"]}}],"collection":[{"href":"https:\/\/www.svdeckenpfronn.de\/index.php?rest_route=\/wp\/v2\/pages"}],"about":[{"href":"https:\/\/www.svdeckenpfronn.de\/index.php?rest_route=\/wp\/v2\/types\/page"}],"author":[{"embeddable":true,"href":"https:\/\/www.svdeckenpfronn.de\/index.php?rest_route=\/wp\/v2\/users\/5"}],"replies":[{"embeddable":true,"href":"https:\/\/www.svdeckenpfronn.de\/index.php?rest_route=%2Fwp%2Fv2%2Fcomments&post=717"}],"version-history":[{"count":10,"href":"https:\/\/www.svdeckenpfronn.de\/index.php?rest_route=\/wp\/v2\/pages\/717\/revisions"}],"predecessor-version":[{"id":6044,"href":"https:\/\/www.svdeckenpfronn.de\/index.php?rest_route=\/wp\/v2\/pages\/717\/revisions\/6044"}],"wp:featuredmedia":[{"embeddable":true,"href":"https:\/\/www.svdeckenpfronn.de\/index.php?rest_route=\/wp\/v2\/media\/5577"}],"wp:attachment":[{"href":"https:\/\/www.svdeckenpfronn.de\/index.php?rest_route=%2Fwp%2Fv2%2Fmedia&parent=717"}],"curies":[{"name":"wp","href":"https:\/\/api.w.org\/{rel}","templated":true}]}}